{"id":97,"date":"2019-12-31T14:47:42","date_gmt":"2019-12-31T14:47:42","guid":{"rendered":"https:\/\/ccatestwebsite.live-website.com\/?page_id=97"},"modified":"2020-12-25T14:19:29","modified_gmt":"2020-12-25T14:19:29","slug":"wer-sind-wir","status":"publish","type":"page","link":"https:\/\/cca-studio.com\/?page_id=97","title":{"rendered":"Wer sind wir ?"},"content":{"rendered":"\n<p class=\"has-medium-font-size\"><strong>Unser Team<\/strong><\/p>\n\n\n\n<p><strong>Manuel (Manu) Tanda:<\/strong><\/p>\n\n\n\n<figure class=\"wp-block-image size-large\"><img loading=\"lazy\" decoding=\"async\" width=\"1024\" height=\"630\" src=\"https:\/\/cca-studio.com\/wp-content\/uploads\/2019\/12\/P1130535_2-1024x630.jpg\" alt=\"\" class=\"wp-image-130\" srcset=\"https:\/\/cca-studio.com\/wp-content\/uploads\/2019\/12\/P1130535_2-1024x630.jpg 1024w, https:\/\/cca-studio.com\/wp-content\/uploads\/2019\/12\/P1130535_2-300x185.jpg 300w, https:\/\/cca-studio.com\/wp-content\/uploads\/2019\/12\/P1130535_2-768x472.jpg 768w, https:\/\/cca-studio.com\/wp-content\/uploads\/2019\/12\/P1130535_2-1536x945.jpg 1536w, https:\/\/cca-studio.com\/wp-content\/uploads\/2019\/12\/P1130535_2-2048x1260.jpg 2048w\" sizes=\"auto, (max-width: 1024px) 100vw, 1024px\" \/><figcaption> <strong>Betriebsleiter<\/strong><\/figcaption><\/figure>\n\n\n\n<p>Er hat das\nKraftfahrzeughandwerk im schw\u00e4bischen Weil im Sch\u00f6nbuch erlernt.<\/p>\n\n\n\n<p>\u00dcber die Tatsache in einem markenungebundenen Meisterbetrieb die Handwerkskunst erlernt zu haben, hat ihn \u00fcber die Jahre zu einem sehr routinierten und erfahrenen Spezialisten auf fast allen Gebieten des Kraftfahrzeughandwerks reifen lassen. Mit der bekannten schw\u00e4bischen Gr\u00fcndlichkeit geht er alle Probleme an und l\u00e4sst erst locker wenn das Problem verstanden &amp; beseitigt ist. <\/p>\n\n\n\n<p>Manu sagt \u00fcber sich:\n<\/p>\n\n\n\n<p>&#8222;ich finde es\njeden Tag aufs Neue spannend in meinem Beruf t\u00e4tig zu sein!&#8220;<\/p>\n","protected":false},"excerpt":{"rendered":"<p>Unser Team Manuel (Manu) Tanda: Er hat das Kraftfahrzeughandwerk im schw\u00e4bischen Weil im Sch\u00f6nbuch erlernt. \u00dcber die Tatsache in einem markenungebundenen Meisterbetrieb die Handwerkskunst erlernt zu haben, hat ihn \u00fcber [&hellip;]<\/p>\n","protected":false},"author":1,"featured_media":0,"parent":0,"menu_order":0,"comment_status":"closed","ping_status":"closed","template":"","meta":{"footnotes":""},"class_list":["post-97","page","type-page","status-publish","hentry"],"jetpack_sharing_enabled":true,"_links":{"self":[{"href":"https:\/\/cca-studio.com\/index.php?rest_route=\/wp\/v2\/pages\/97","targetHints":{"allow":["GET"]}}],"collection":[{"href":"https:\/\/cca-studio.com\/index.php?rest_route=\/wp\/v2\/pages"}],"about":[{"href":"https:\/\/cca-studio.com\/index.php?rest_route=\/wp\/v2\/types\/page"}],"author":[{"embeddable":true,"href":"https:\/\/cca-studio.com\/index.php?rest_route=\/wp\/v2\/users\/1"}],"replies":[{"embeddable":true,"href":"https:\/\/cca-studio.com\/index.php?rest_route=%2Fwp%2Fv2%2Fcomments&post=97"}],"version-history":[{"count":8,"href":"https:\/\/cca-studio.com\/index.php?rest_route=\/wp\/v2\/pages\/97\/revisions"}],"predecessor-version":[{"id":495,"href":"https:\/\/cca-studio.com\/index.php?rest_route=\/wp\/v2\/pages\/97\/revisions\/495"}],"wp:attachment":[{"href":"https:\/\/cca-studio.com\/index.php?rest_route=%2Fwp%2Fv2%2Fmedia&parent=97"}],"curies":[{"name":"wp","href":"https:\/\/api.w.org\/{rel}","templated":true}]}}