{"id":92,"date":"2019-12-31T14:44:25","date_gmt":"2019-12-31T14:44:25","guid":{"rendered":"https:\/\/ccatestwebsite.live-website.com\/?page_id=92"},"modified":"2020-03-29T19:30:40","modified_gmt":"2020-03-29T19:30:40","slug":"klima-standheizung","status":"publish","type":"page","link":"https:\/\/cca-studio.com\/?page_id=92","title":{"rendered":"Klima &#038; Standheizung"},"content":{"rendered":"\n<p style=\"color:#0b3968\" class=\"has-text-color has-medium-font-size\"><strong>Was tun wenn die Klimaanlage unangenehm riecht?<\/strong><\/p>\n\n\n\n<p>Auch eine\nKlimaanlage im Auto ben\u00f6tigt eine regelm\u00e4\u00dfige Wartung.<\/p>\n\n\n\n<figure class=\"wp-block-image size-large is-resized\"><img loading=\"lazy\" decoding=\"async\" src=\"https:\/\/cca-studio.com\/wp-content\/uploads\/2020\/03\/20200205_151133-1024x768.jpg\" alt=\"\" class=\"wp-image-404\" width=\"513\" height=\"385\" srcset=\"https:\/\/cca-studio.com\/wp-content\/uploads\/2020\/03\/20200205_151133-1024x768.jpg 1024w, https:\/\/cca-studio.com\/wp-content\/uploads\/2020\/03\/20200205_151133-300x225.jpg 300w, https:\/\/cca-studio.com\/wp-content\/uploads\/2020\/03\/20200205_151133-768x576.jpg 768w, https:\/\/cca-studio.com\/wp-content\/uploads\/2020\/03\/20200205_151133-1536x1152.jpg 1536w, https:\/\/cca-studio.com\/wp-content\/uploads\/2020\/03\/20200205_151133-2048x1536.jpg 2048w\" sizes=\"auto, (max-width: 513px) 100vw, 513px\" \/><\/figure>\n\n\n\n<p>Neben dem das eine\nKlimaanlage im Fahrzeug f\u00fcr ein angenehmes Klima &amp; einen k\u00fchlen Kopf an\nhei\u00dfen Tagen sorgt, verhindert sie auch die Beschlagbildung an den Scheiben und\nsorgen u.a. f\u00fcr mehr Sicherheit im Stra\u00dfenverkehr.<\/p>\n\n\n\n<p>Weiter sorgt eine\nKlimaanlage zusammen mit dem Innenraumfilter im ganzen Jahr f\u00fcr frische Luft\nund sch\u00fctzt so insbesondere auch Allergiker vor Pollen &amp; teilweise\nFeinstaub.<\/p>\n\n\n\n<p>Leider sorgt\nmanchmal die Klimaanlage aber auch f\u00fcr unangenehme Momente. Vor allem wenn sich\nnach dem Einschalten ein muffiger Geruch im Innenraum bemerkbar macht. <\/p>\n\n\n\n<figure class=\"wp-block-image size-large is-resized\"><img loading=\"lazy\" decoding=\"async\" src=\"https:\/\/cca-studio.com\/wp-content\/uploads\/2020\/03\/20200312_185614-1-1024x593.jpg\" alt=\"\" class=\"wp-image-402\" width=\"409\" height=\"236\" srcset=\"https:\/\/cca-studio.com\/wp-content\/uploads\/2020\/03\/20200312_185614-1-1024x593.jpg 1024w, https:\/\/cca-studio.com\/wp-content\/uploads\/2020\/03\/20200312_185614-1-300x174.jpg 300w, https:\/\/cca-studio.com\/wp-content\/uploads\/2020\/03\/20200312_185614-1-768x445.jpg 768w, https:\/\/cca-studio.com\/wp-content\/uploads\/2020\/03\/20200312_185614-1-1536x889.jpg 1536w, https:\/\/cca-studio.com\/wp-content\/uploads\/2020\/03\/20200312_185614-1-2048x1186.jpg 2048w\" sizes=\"auto, (max-width: 409px) 100vw, 409px\" \/><\/figure>\n\n\n\n<p>Schuld daran sind\nmeist Pilze und Bakterien, die sich zwischen Verdampfer und Gebl\u00e4se eingenistet\nhaben. Das riecht nicht nur \u00fcbel, sondern belastet auch die Gesundheit.<\/p>\n\n\n\n<p>Damit es gar nicht\nerst so weit kommt, muss die Klimaanlage regelm\u00e4\u00dfig desinfiziert und gewartet\nwerden. Vernachl\u00e4ssigt man die Wartung der Klimaanlage, k\u00f6nnen sehr\nkostspielige Sch\u00e4den drohen.<\/p>\n\n\n\n<p>Unter anderem\nunterliegt eine Klimaanlage einem nat\u00fcrlichen Verlust des K\u00e4ltemittels,\ndurchschnittlich etwa acht Prozent pro Jahr, was sich \u00fcber eine nachlassende\nK\u00fchlwirkung bemerkbar macht. <\/p>\n\n\n\n<p>Eine Leckage an\neiner defekten Klimaanlage belastet die Umwelt &amp; kann zu teuren\nFolgesch\u00e4den an der Klimaanlage sorgen.<\/p>\n\n\n\n<p>Im K\u00fchlmittel der\nKlimaanlage ist u.a. \u00d6l zugesetzt, das z.B. den Klimakompressor und den\nVerdichter schmiert und Dichtungen vor dem Austrocknen sch\u00fctzt. <\/p>\n\n\n\n<p>Sp\u00e4testens wenn die\nK\u00fchlleistung nachl\u00e4sst, sollte die Anlage hinsichtlich eines m\u00f6glichen\nK\u00fchlmittelverlusts untersucht werden.<\/p>\n\n\n\n<figure class=\"wp-block-gallery columns-2 is-cropped wp-block-gallery-2 is-layout-flex wp-block-gallery-is-layout-flex\"><ul class=\"blocks-gallery-grid\"><li class=\"blocks-gallery-item\"><figure><img loading=\"lazy\" decoding=\"async\" width=\"768\" height=\"1024\" src=\"https:\/\/cca-studio.com\/wp-content\/uploads\/2020\/03\/20200205_151108-768x1024.jpg\" alt=\"\" data-id=\"407\" data-full-url=\"https:\/\/cca-studio.com\/wp-content\/uploads\/2020\/03\/20200205_151108-scaled.jpg\" data-link=\"https:\/\/cca-studio.com\/serviceleistungen\/klima-standheizung\/20200205_151108\" class=\"wp-image-407\" srcset=\"https:\/\/cca-studio.com\/wp-content\/uploads\/2020\/03\/20200205_151108-768x1024.jpg 768w, https:\/\/cca-studio.com\/wp-content\/uploads\/2020\/03\/20200205_151108-225x300.jpg 225w, https:\/\/cca-studio.com\/wp-content\/uploads\/2020\/03\/20200205_151108-1152x1536.jpg 1152w, https:\/\/cca-studio.com\/wp-content\/uploads\/2020\/03\/20200205_151108-1536x2048.jpg 1536w, https:\/\/cca-studio.com\/wp-content\/uploads\/2020\/03\/20200205_151108-scaled.jpg 1920w\" sizes=\"auto, (max-width: 768px) 100vw, 768px\" \/><\/figure><\/li><li class=\"blocks-gallery-item\"><figure><img loading=\"lazy\" decoding=\"async\" width=\"768\" height=\"1024\" src=\"https:\/\/cca-studio.com\/wp-content\/uploads\/2020\/03\/20200205_151311-1-768x1024.jpg\" alt=\"\" data-id=\"408\" data-full-url=\"https:\/\/cca-studio.com\/wp-content\/uploads\/2020\/03\/20200205_151311-1-scaled.jpg\" data-link=\"https:\/\/cca-studio.com\/serviceleistungen\/klima-standheizung\/20200205_151311-1\" class=\"wp-image-408\" srcset=\"https:\/\/cca-studio.com\/wp-content\/uploads\/2020\/03\/20200205_151311-1-768x1024.jpg 768w, https:\/\/cca-studio.com\/wp-content\/uploads\/2020\/03\/20200205_151311-1-225x300.jpg 225w, https:\/\/cca-studio.com\/wp-content\/uploads\/2020\/03\/20200205_151311-1-1152x1536.jpg 1152w, https:\/\/cca-studio.com\/wp-content\/uploads\/2020\/03\/20200205_151311-1-1536x2048.jpg 1536w, https:\/\/cca-studio.com\/wp-content\/uploads\/2020\/03\/20200205_151311-1-scaled.jpg 1920w\" sizes=\"auto, (max-width: 768px) 100vw, 768px\" \/><\/figure><\/li><\/ul><\/figure>\n\n\n\n<p>Die Wartung an einer\nKlimaanlage eine Ma\u00dfnahme f\u00fcr Ihre Gesundheit &amp; den Umweltschutz.<\/p>\n\n\n\n<p>Sprechen Sie uns an damit wir f\u00fcr Ihr Fahrzeug eine bedarfsgerechte Wartung abstimmen k\u00f6nnen.<\/p>\n\n\n\n<p class=\"has-medium-font-size\"><strong>Beispiel eines Klimaservice:<\/strong><\/p>\n\n\n\n<ul class=\"wp-block-list\"><li>Wartung mit Funktions- und Sichtpr\u00fcfung<\/li><li>Austausch des K\u00e4ltemittel<\/li><li>\u00d6l f\u00fcr den Kompressor erg\u00e4nzen<\/li><li>Desinfektion der L\u00fcftungskan\u00e4le &amp; des Verdampfer um Bakterien und Pilze zu entfernen<\/li><li>Bei Bedarf Reparatur der Anlage<\/li><\/ul>\n\n\n\n<div class=\"wp-block-image\"><figure class=\"aligncenter size-large is-resized\"><img loading=\"lazy\" decoding=\"async\" src=\"https:\/\/cca-studio.com\/wp-content\/uploads\/2020\/01\/20190330_160236-2-1024x498.jpg\" alt=\"\" class=\"wp-image-291\" width=\"543\" height=\"264\" srcset=\"https:\/\/cca-studio.com\/wp-content\/uploads\/2020\/01\/20190330_160236-2-1024x498.jpg 1024w, https:\/\/cca-studio.com\/wp-content\/uploads\/2020\/01\/20190330_160236-2-300x146.jpg 300w, https:\/\/cca-studio.com\/wp-content\/uploads\/2020\/01\/20190330_160236-2-768x373.jpg 768w, https:\/\/cca-studio.com\/wp-content\/uploads\/2020\/01\/20190330_160236-2-1536x747.jpg 1536w, https:\/\/cca-studio.com\/wp-content\/uploads\/2020\/01\/20190330_160236-2-2048x996.jpg 2048w\" sizes=\"auto, (max-width: 543px) 100vw, 543px\" \/><\/figure><\/div>\n","protected":false},"excerpt":{"rendered":"<p>Was tun wenn die Klimaanlage unangenehm riecht? Auch eine Klimaanlage im Auto ben\u00f6tigt eine regelm\u00e4\u00dfige Wartung. Neben dem das eine Klimaanlage im Fahrzeug f\u00fcr ein angenehmes Klima &amp; einen k\u00fchlen [&hellip;]<\/p>\n","protected":false},"author":1,"featured_media":0,"parent":62,"menu_order":0,"comment_status":"closed","ping_status":"closed","template":"","meta":{"footnotes":""},"class_list":["post-92","page","type-page","status-publish","hentry"],"jetpack_sharing_enabled":true,"_links":{"self":[{"href":"https:\/\/cca-studio.com\/index.php?rest_route=\/wp\/v2\/pages\/92","targetHints":{"allow":["GET"]}}],"collection":[{"href":"https:\/\/cca-studio.com\/index.php?rest_route=\/wp\/v2\/pages"}],"about":[{"href":"https:\/\/cca-studio.com\/index.php?rest_route=\/wp\/v2\/types\/page"}],"author":[{"embeddable":true,"href":"https:\/\/cca-studio.com\/index.php?rest_route=\/wp\/v2\/users\/1"}],"replies":[{"embeddable":true,"href":"https:\/\/cca-studio.com\/index.php?rest_route=%2Fwp%2Fv2%2Fcomments&post=92"}],"version-history":[{"count":8,"href":"https:\/\/cca-studio.com\/index.php?rest_route=\/wp\/v2\/pages\/92\/revisions"}],"predecessor-version":[{"id":409,"href":"https:\/\/cca-studio.com\/index.php?rest_route=\/wp\/v2\/pages\/92\/revisions\/409"}],"up":[{"embeddable":true,"href":"https:\/\/cca-studio.com\/index.php?rest_route=\/wp\/v2\/pages\/62"}],"wp:attachment":[{"href":"https:\/\/cca-studio.com\/index.php?rest_route=%2Fwp%2Fv2%2Fmedia&parent=92"}],"curies":[{"name":"wp","href":"https:\/\/api.w.org\/{rel}","templated":true}]}}