{"id":84,"date":"2019-12-31T14:32:48","date_gmt":"2019-12-31T14:32:48","guid":{"rendered":"https:\/\/ccatestwebsite.live-website.com\/?page_id=84"},"modified":"2021-07-10T16:53:30","modified_gmt":"2021-07-10T16:53:30","slug":"elektrik-diagnose","status":"publish","type":"page","link":"https:\/\/cca-studio.com\/?page_id=84","title":{"rendered":"Elektrik &#038; Diagnose"},"content":{"rendered":"\n<p class=\"has-medium-font-size\"><strong>elektronische Fehlersuche ist Vertrauenssache\u2026\u2026 <\/strong><\/p>\n\n\n\n<p class=\"has-text-color has-medium-font-size\" style=\"color:#0b3968\"><strong>Aus diesem Grund geben Sie ihr Fahrzeug in unserer\nH\u00e4nde<\/strong><\/p>\n\n\n\n<p>In einem modernen\nPKW sind heute zahlreiche Steuerger\u00e4te die f\u00fcr den Fahrbetrieb (Motor,\nGetriebe, Bremsanlage etc.) zwingend erforderlich oder dienen als kleine\nHelferlein (Parktronic, Sitzheizung etc.) um eine angenehme Fahrt zu\nerm\u00f6glichen.<\/p>\n\n\n\n<p>Man kennt es, sobald\neines der Steuerger\u00e4te einen Fehler aufweist, ist im schlimmsten Fall die\nWeiterfahrt meist unm\u00f6glich oder zumindest sind Komfortfunktionen nicht mehr\nverf\u00fcgbar. <\/p>\n\n\n\n<figure class=\"wp-block-gallery aligncenter columns-2 is-cropped wp-block-gallery-2 is-layout-flex wp-block-gallery-is-layout-flex\"><ul class=\"blocks-gallery-grid\"><li class=\"blocks-gallery-item\"><figure><img loading=\"lazy\" decoding=\"async\" width=\"1024\" height=\"768\" src=\"https:\/\/cca-studio.com\/wp-content\/uploads\/2020\/01\/20190608_112419-1024x768.jpg\" alt=\"\" data-id=\"300\" data-link=\"https:\/\/cca-studio.com\/elektrik-diagnose\/20190608_112419\" class=\"wp-image-300\" srcset=\"https:\/\/cca-studio.com\/wp-content\/uploads\/2020\/01\/20190608_112419-1024x768.jpg 1024w, https:\/\/cca-studio.com\/wp-content\/uploads\/2020\/01\/20190608_112419-300x225.jpg 300w, https:\/\/cca-studio.com\/wp-content\/uploads\/2020\/01\/20190608_112419-768x576.jpg 768w, https:\/\/cca-studio.com\/wp-content\/uploads\/2020\/01\/20190608_112419-1536x1152.jpg 1536w, https:\/\/cca-studio.com\/wp-content\/uploads\/2020\/01\/20190608_112419-2048x1536.jpg 2048w\" sizes=\"auto, (max-width: 1024px) 100vw, 1024px\" \/><\/figure><\/li><li class=\"blocks-gallery-item\"><figure><img loading=\"lazy\" decoding=\"async\" width=\"1024\" height=\"768\" src=\"https:\/\/cca-studio.com\/wp-content\/uploads\/2020\/01\/20190608_112430-1-1024x768.jpg\" alt=\"\" data-id=\"304\" data-full-url=\"https:\/\/cca-studio.com\/wp-content\/uploads\/2020\/01\/20190608_112430-1-scaled.jpg\" data-link=\"https:\/\/cca-studio.com\/elektrik-diagnose\/20190608_112430-1\" class=\"wp-image-304\" srcset=\"https:\/\/cca-studio.com\/wp-content\/uploads\/2020\/01\/20190608_112430-1-1024x768.jpg 1024w, https:\/\/cca-studio.com\/wp-content\/uploads\/2020\/01\/20190608_112430-1-300x225.jpg 300w, https:\/\/cca-studio.com\/wp-content\/uploads\/2020\/01\/20190608_112430-1-768x576.jpg 768w, https:\/\/cca-studio.com\/wp-content\/uploads\/2020\/01\/20190608_112430-1-1536x1152.jpg 1536w, https:\/\/cca-studio.com\/wp-content\/uploads\/2020\/01\/20190608_112430-1-2048x1536.jpg 2048w\" sizes=\"auto, (max-width: 1024px) 100vw, 1024px\" \/><\/figure><\/li><\/ul><\/figure>\n\n\n\n<p>Die elektronische\nFehlersuche an einem Kraftfahrzeug ist nicht ganz einfach, wird immer komplexer\nund ist auch f\u00fcr einen erfahrenden KFZ-Elektroniker eine teils undankbare\nAufgabe. <\/p>\n\n\n\n<p>Oft l\u00e4sst sich ein\nelektronischer Fehler nicht gleich eingrenzen. Hier werden dann h\u00e4ufig Bauteile\neinfach getauscht ohne den Fehler verstanden zu haben. <\/p>\n\n\n\n<p>An dieser Stelle\nverfolgen wir eine andere Philosophie &amp; Vorgehensweise. Mit unseren\numfangreiche Kenntnissen, jahrelangen Erfahrungen, dem richtigen Verst\u00e4ndnis,\nsowie das Kombinieren von Informationen und der gesunde Verstand sind die\nDinge, mit denen wir die Fehlersuche an Ihrem Fahrzeug durchf\u00fchren. So k\u00f6nnen\nwir zielgerichtet f\u00fcr eine nachhaltige &amp; kosteng\u00fcnstige Fehlerbeseitigung\nsorgen.<\/p>\n\n\n\n<figure class=\"wp-block-gallery columns-2 is-cropped wp-block-gallery-3 is-layout-flex wp-block-gallery-is-layout-flex\"><ul class=\"blocks-gallery-grid\"><li class=\"blocks-gallery-item\"><figure><img loading=\"lazy\" decoding=\"async\" width=\"300\" height=\"225\" src=\"https:\/\/cca-studio.com\/wp-content\/uploads\/2020\/01\/181383464_bosch-kts-570-wireless-diagnostic-scan-tool-and-lab-.jpg\" data-id=\"216\" class=\"wp-image-216\"\/><\/figure><\/li><li class=\"blocks-gallery-item\"><figure><img loading=\"lazy\" decoding=\"async\" width=\"500\" height=\"375\" src=\"https:\/\/cca-studio.com\/wp-content\/uploads\/2020\/01\/MB-STAR-DIAG.jpg\" data-id=\"302\" class=\"wp-image-302\" srcset=\"https:\/\/cca-studio.com\/wp-content\/uploads\/2020\/01\/MB-STAR-DIAG.jpg 500w, https:\/\/cca-studio.com\/wp-content\/uploads\/2020\/01\/MB-STAR-DIAG-300x225.jpg 300w\" sizes=\"auto, (max-width: 500px) 100vw, 500px\" \/><\/figure><\/li><\/ul><\/figure>\n\n\n\n<p>Hier k\u00f6nnen wir unter anderem auf zahlreiche Diagnose Werkzeuge wie z.B.: Bosch Tester, Mercedes StarDiagnose, VCDS\/PCI f\u00fcr VAG-Gruppe zur\u00fcckgreifen.<\/p>\n\n\n\n<p class=\"has-medium-font-size\"><strong>Zeitwertgerechte Steuerger\u00e4teinstandsetzung:<\/strong><\/p>\n\n\n\n<p>Sicherlich kennen\nSie selbst das Problem oder haben es in Ihrem Umfeld schon einmal miterlebt.\nMeist ist die Gew\u00e4hrleistung an einem Fahrzeug ist gerade abgelaufen oder das\nFahrzeug hat seit l\u00e4ngerem keine Garantiezeit mehr und ein Steuerger\u00e4t im Wert\nvon mehreren hundert oder gar tausend Euro hat den Geist aufgegeben. Der hohe\nNeuteilpreis ver\u00e4rgert viele. <\/p>\n\n\n\n<p>Hier bieten wir eine\nechte Alternative zum reinen Steuerger\u00e4tetausch an. Mit einer zeitwertgerechten\nund g\u00fcnstigen Reparaturen f\u00fcr defekte Fahrzeug-Elektronikbauteile k\u00f6nnen wir in\nzahlreichen F\u00e4llen auf einen teuren Steuerger\u00e4tetausche verzichten.<\/p>\n\n\n\n<p>Von A &#8211; wie ein ABS\nSteuerger\u00e4t oder Z wie Zentralverriegelung oder Zentralelektronikeinheit k\u00f6nnen\nwir nahezu jedes Steuerger\u00e4t reparieren.<\/p>\n\n\n\n<p><strong>Und das deutlich g\u00fcnstiger als ein Neuger\u00e4t.<\/strong><\/p>\n\n\n\n<figure class=\"wp-block-gallery aligncenter columns-2 is-cropped wp-block-gallery-4 is-layout-flex wp-block-gallery-is-layout-flex\"><ul class=\"blocks-gallery-grid\"><li class=\"blocks-gallery-item\"><figure><img loading=\"lazy\" decoding=\"async\" width=\"768\" height=\"1024\" src=\"https:\/\/cca-studio.com\/wp-content\/uploads\/2021\/03\/IMG_20210313_163236-768x1024.jpg\" alt=\"\" data-id=\"556\" data-full-url=\"https:\/\/cca-studio.com\/wp-content\/uploads\/2021\/03\/IMG_20210313_163236-scaled-e1616333746724.jpg\" data-link=\"https:\/\/cca-studio.com\/elektrik-diagnose\/img_20210313_163236\" class=\"wp-image-556\"\/><\/figure><\/li><li class=\"blocks-gallery-item\"><figure><img loading=\"lazy\" decoding=\"async\" width=\"640\" height=\"480\" src=\"https:\/\/cca-studio.com\/wp-content\/uploads\/2020\/01\/IMG_20180302_232220_2_50_50.jpg\" alt=\"\" data-id=\"212\" data-full-url=\"https:\/\/cca-studio.com\/wp-content\/uploads\/2020\/01\/IMG_20180302_232220_2_50_50.jpg\" data-link=\"https:\/\/cca-studio.com\/elektrik-diagnose\/img_20180302_232220_2_50_50\" class=\"wp-image-212\" srcset=\"https:\/\/cca-studio.com\/wp-content\/uploads\/2020\/01\/IMG_20180302_232220_2_50_50.jpg 640w, https:\/\/cca-studio.com\/wp-content\/uploads\/2020\/01\/IMG_20180302_232220_2_50_50-300x225.jpg 300w\" sizes=\"auto, (max-width: 640px) 100vw, 640px\" \/><\/figure><\/li><\/ul><\/figure>\n\n\n\n<div class=\"wp-block-image\"><figure class=\"aligncenter size-large is-resized\"><img loading=\"lazy\" decoding=\"async\" src=\"https:\/\/cca-studio.com\/wp-content\/uploads\/2020\/01\/IMG_20180302_232220_2_50_50.jpg\" alt=\"\" class=\"wp-image-212\" width=\"508\" height=\"381\" srcset=\"https:\/\/cca-studio.com\/wp-content\/uploads\/2020\/01\/IMG_20180302_232220_2_50_50.jpg 640w, https:\/\/cca-studio.com\/wp-content\/uploads\/2020\/01\/IMG_20180302_232220_2_50_50-300x225.jpg 300w\" sizes=\"auto, (max-width: 508px) 100vw, 508px\" \/><\/figure><\/div>\n","protected":false},"excerpt":{"rendered":"<p>elektronische Fehlersuche ist Vertrauenssache\u2026\u2026 Aus diesem Grund geben Sie ihr Fahrzeug in unserer H\u00e4nde In einem modernen PKW sind heute zahlreiche Steuerger\u00e4te die f\u00fcr den Fahrbetrieb (Motor, Getriebe, Bremsanlage etc.) [&hellip;]<\/p>\n","protected":false},"author":1,"featured_media":0,"parent":0,"menu_order":0,"comment_status":"closed","ping_status":"closed","template":"","meta":{"footnotes":""},"class_list":["post-84","page","type-page","status-publish","hentry"],"jetpack_sharing_enabled":true,"_links":{"self":[{"href":"https:\/\/cca-studio.com\/index.php?rest_route=\/wp\/v2\/pages\/84","targetHints":{"allow":["GET"]}}],"collection":[{"href":"https:\/\/cca-studio.com\/index.php?rest_route=\/wp\/v2\/pages"}],"about":[{"href":"https:\/\/cca-studio.com\/index.php?rest_route=\/wp\/v2\/types\/page"}],"author":[{"embeddable":true,"href":"https:\/\/cca-studio.com\/index.php?rest_route=\/wp\/v2\/users\/1"}],"replies":[{"embeddable":true,"href":"https:\/\/cca-studio.com\/index.php?rest_route=%2Fwp%2Fv2%2Fcomments&post=84"}],"version-history":[{"count":10,"href":"https:\/\/cca-studio.com\/index.php?rest_route=\/wp\/v2\/pages\/84\/revisions"}],"predecessor-version":[{"id":579,"href":"https:\/\/cca-studio.com\/index.php?rest_route=\/wp\/v2\/pages\/84\/revisions\/579"}],"wp:attachment":[{"href":"https:\/\/cca-studio.com\/index.php?rest_route=%2Fwp%2Fv2%2Fmedia&parent=84"}],"curies":[{"name":"wp","href":"https:\/\/api.w.org\/{rel}","templated":true}]}}