{"id":78,"date":"2019-12-31T12:14:36","date_gmt":"2019-12-31T12:14:36","guid":{"rendered":"https:\/\/ccatestwebsite.live-website.com\/?page_id=78"},"modified":"2020-12-25T14:56:56","modified_gmt":"2020-12-25T14:56:56","slug":"getriebe-service","status":"publish","type":"page","link":"https:\/\/cca-studio.com\/?page_id=78","title":{"rendered":"Getriebe &#038; Service"},"content":{"rendered":"\n<p class=\"has-text-color has-medium-font-size\" style=\"color:#0b3968\"><strong>Getriebesp\u00fclung<\/strong><\/p>\n\n\n\n<p><strong>Namhafte \u00d6lhersteller sehen den Grundsatz der\n&#8222;Lebensdauerf\u00fcllung&#8220; von Getrieben kritisch.<\/strong> <\/p>\n\n\n\n<p>Die Haltbarkeit des\n\u00d6ls wird von den Automobilproduzenten nur selten definiert und ver\u00f6ffentlicht.<\/p>\n\n\n\n<p>Ein Wechsel des\nGetriebe\u00f6ls nach einer bestimmten Laufleistung ist daher empfehlenswert.<\/p>\n\n\n\n<p>Ein blo\u00dfes Ablassen\nund Neubef\u00fcllen reicht jedoch nicht aus. Denn dabei wird nur ein Teil des alten\nGetriebe\u00f6ls entfernt. Bis zu 60 % verbleiben im Wandler und in diversen\nLeitungen.<\/p>\n\n\n\n<p>Mit dem AGS 20 wird\naus dem halben Schritt ein Ganzer: Der \u00d6lwechsel wird um die Sp\u00fclung des\nGetriebes erg\u00e4nzt.<\/p>\n\n\n\n<p>Die AGS 20 besitzt\ndie Freigabe der Daimler AG<\/p>\n\n\n\n<div class=\"wp-block-image is-style-default\"><figure class=\"aligncenter size-large is-resized\"><img loading=\"lazy\" decoding=\"async\" src=\"https:\/\/cca-studio.com\/wp-content\/uploads\/2019\/12\/AGS_20_vorn.png\" alt=\"\" class=\"wp-image-100\" width=\"124\" height=\"213\" srcset=\"https:\/\/cca-studio.com\/wp-content\/uploads\/2019\/12\/AGS_20_vorn.png 232w, https:\/\/cca-studio.com\/wp-content\/uploads\/2019\/12\/AGS_20_vorn-174x300.png 174w\" sizes=\"auto, (max-width: 124px) 100vw, 124px\" \/><\/figure><\/div>\n\n\n\n<p><strong>\u00d6lwechsel und Getriebesp\u00fclung in einem Arbeitsgang<\/strong><\/p>\n\n\n\n<p>Mit unserem\nSp\u00fclger\u00e4t AGS 20 kann Automatikgetriebe\u00f6l problemlos gewechselt und im selben\nArbeitsgang das Getriebe gereinigt werden.<\/p>\n\n\n\n<p>Es arbeitet <strong>ohne<\/strong> Additive. Nur W\u00e4rme und\nFlie\u00dfgeschwindigkeit sorgen beim Reinigungsprozess daf\u00fcr, dass Ablagerungen in\nzwei Hochleistungsfilter ausgesp\u00fclt werden.<\/p>\n\n\n\n<div class=\"wp-block-image is-style-rounded\"><figure class=\"aligncenter size-large is-resized\"><img loading=\"lazy\" decoding=\"async\" src=\"https:\/\/cca-studio.com\/wp-content\/uploads\/2020\/01\/20180411_162531_50jpg-1024x463.jpg\" alt=\"\" class=\"wp-image-232\" width=\"507\" height=\"229\" srcset=\"https:\/\/cca-studio.com\/wp-content\/uploads\/2020\/01\/20180411_162531_50jpg-1024x463.jpg 1024w, https:\/\/cca-studio.com\/wp-content\/uploads\/2020\/01\/20180411_162531_50jpg-300x136.jpg 300w, https:\/\/cca-studio.com\/wp-content\/uploads\/2020\/01\/20180411_162531_50jpg-768x347.jpg 768w, https:\/\/cca-studio.com\/wp-content\/uploads\/2020\/01\/20180411_162531_50jpg-1536x695.jpg 1536w, https:\/\/cca-studio.com\/wp-content\/uploads\/2020\/01\/20180411_162531_50jpg.jpg 1826w\" sizes=\"auto, (max-width: 507px) 100vw, 507px\" \/><\/figure><\/div>\n\n\n\n<p><strong>Welche Probleme entstehen am Automatikgetriebe durch\ngealtertes Getriebe\u00f6l?<\/strong><\/p>\n\n\n\n<p>Genau wie Motor\u00f6l\nwird auch Getriebe\u00f6l verunreinigt und verbraucht.<\/p>\n\n\n\n<p>Durch eine\nAutomatikgetriebe-Sp\u00fclung beugt man Sch\u00e4den am Getriebe und Motor vor!<\/p>\n\n\n\n<p>Teilweise schreiben\ndie Hersteller sogar alle 60.000 &#8211; 80.000 km einen Getriebe\u00f6lwechsel vor!<\/p>\n\n\n\n<figure class=\"wp-block-gallery columns-4 is-cropped wp-block-gallery-2 is-layout-flex wp-block-gallery-is-layout-flex\"><ul class=\"blocks-gallery-grid\"><li class=\"blocks-gallery-item\"><figure><img loading=\"lazy\" decoding=\"async\" width=\"768\" height=\"1024\" src=\"https:\/\/cca-studio.com\/wp-content\/uploads\/2020\/12\/20200325_141526-768x1024.jpg\" alt=\"\" data-id=\"510\" data-full-url=\"https:\/\/cca-studio.com\/wp-content\/uploads\/2020\/12\/20200325_141526-scaled.jpg\" data-link=\"https:\/\/cca-studio.com\/getriebe-service\/20200325_141526\" class=\"wp-image-510\" srcset=\"https:\/\/cca-studio.com\/wp-content\/uploads\/2020\/12\/20200325_141526-768x1024.jpg 768w, https:\/\/cca-studio.com\/wp-content\/uploads\/2020\/12\/20200325_141526-225x300.jpg 225w, https:\/\/cca-studio.com\/wp-content\/uploads\/2020\/12\/20200325_141526-1152x1536.jpg 1152w, https:\/\/cca-studio.com\/wp-content\/uploads\/2020\/12\/20200325_141526-1536x2048.jpg 1536w, https:\/\/cca-studio.com\/wp-content\/uploads\/2020\/12\/20200325_141526-scaled.jpg 1920w\" sizes=\"auto, (max-width: 768px) 100vw, 768px\" \/><\/figure><\/li><li class=\"blocks-gallery-item\"><figure><img loading=\"lazy\" decoding=\"async\" width=\"1024\" height=\"768\" src=\"https:\/\/cca-studio.com\/wp-content\/uploads\/2020\/12\/IMG-20191002-WA0011-1024x768.jpg\" alt=\"\" data-id=\"512\" data-full-url=\"https:\/\/cca-studio.com\/wp-content\/uploads\/2020\/12\/IMG-20191002-WA0011.jpg\" data-link=\"https:\/\/cca-studio.com\/getriebe-service\/img-20191002-wa0011\" class=\"wp-image-512\" srcset=\"https:\/\/cca-studio.com\/wp-content\/uploads\/2020\/12\/IMG-20191002-WA0011-1024x768.jpg 1024w, https:\/\/cca-studio.com\/wp-content\/uploads\/2020\/12\/IMG-20191002-WA0011-300x225.jpg 300w, https:\/\/cca-studio.com\/wp-content\/uploads\/2020\/12\/IMG-20191002-WA0011-768x576.jpg 768w, https:\/\/cca-studio.com\/wp-content\/uploads\/2020\/12\/IMG-20191002-WA0011-1536x1152.jpg 1536w, https:\/\/cca-studio.com\/wp-content\/uploads\/2020\/12\/IMG-20191002-WA0011.jpg 1600w\" sizes=\"auto, (max-width: 1024px) 100vw, 1024px\" \/><\/figure><\/li><li class=\"blocks-gallery-item\"><figure><img loading=\"lazy\" decoding=\"async\" width=\"768\" height=\"1024\" src=\"https:\/\/cca-studio.com\/wp-content\/uploads\/2020\/12\/IMG-20200129-WA0008.jpg\" alt=\"\" data-id=\"511\" data-full-url=\"https:\/\/cca-studio.com\/wp-content\/uploads\/2020\/12\/IMG-20200129-WA0008.jpg\" data-link=\"https:\/\/cca-studio.com\/getriebe-service\/img-20200129-wa0008\" class=\"wp-image-511\" srcset=\"https:\/\/cca-studio.com\/wp-content\/uploads\/2020\/12\/IMG-20200129-WA0008.jpg 768w, https:\/\/cca-studio.com\/wp-content\/uploads\/2020\/12\/IMG-20200129-WA0008-225x300.jpg 225w\" sizes=\"auto, (max-width: 768px) 100vw, 768px\" \/><\/figure><\/li><li class=\"blocks-gallery-item\"><figure><img loading=\"lazy\" decoding=\"async\" width=\"768\" height=\"1024\" src=\"https:\/\/cca-studio.com\/wp-content\/uploads\/2020\/12\/IMG-20191002-WA0012-768x1024.jpg\" alt=\"\" data-id=\"513\" data-full-url=\"https:\/\/cca-studio.com\/wp-content\/uploads\/2020\/12\/IMG-20191002-WA0012.jpg\" data-link=\"https:\/\/cca-studio.com\/getriebe-service\/img-20191002-wa0012\" class=\"wp-image-513\" srcset=\"https:\/\/cca-studio.com\/wp-content\/uploads\/2020\/12\/IMG-20191002-WA0012-768x1024.jpg 768w, https:\/\/cca-studio.com\/wp-content\/uploads\/2020\/12\/IMG-20191002-WA0012-225x300.jpg 225w, https:\/\/cca-studio.com\/wp-content\/uploads\/2020\/12\/IMG-20191002-WA0012-1152x1536.jpg 1152w, https:\/\/cca-studio.com\/wp-content\/uploads\/2020\/12\/IMG-20191002-WA0012.jpg 1200w\" sizes=\"auto, (max-width: 768px) 100vw, 768px\" \/><\/figure><\/li><\/ul><\/figure>\n\n\n\n<p><strong>Typische Probleme aufgrund gealtertem oder verschmutztem Getriebeoel sind:<\/strong><\/p>\n\n\n\n<ul class=\"wp-block-list\"><li>Ruckeln und Rupfen beim Anfahren<\/li><li>Harte Schaltvorg\u00e4nge<\/li><li>Verz\u00f6gertes Hochschalten<\/li><li>Erh\u00f6hter Kraftstoffverbrauch<\/li><li>Leistungsverlust<\/li><li>Vibrationen \/ Brummen<\/li><li>K\u00fcrzere Lebensdauer von Getriebe und Motor<\/li><li>Drehzahl Schwankungen<\/li><\/ul>\n\n\n\n<p>Abgelagerte\n\u00d6lr\u00fcckst\u00e4nde &amp; das alte Getriebe\u00f6l werden entfernt. <\/p>\n\n\n\n<p>Getriebereinigung\nerfolgt mit einem speziellen Verfahren ganz <strong>OHNE<\/strong>\nZusatz von Reiniger und sonstigen Additiven.<\/p>\n\n\n\n<p>Damit deutlich\nschonender Reinigungsvorgang gegen\u00fcber den Dichtungen und sonstigen Bauteilen\nihres Automatikgetriebe.<\/p>\n\n\n\n<div class=\"wp-block-image is-style-default\"><figure class=\"aligncenter size-large is-resized\"><img loading=\"lazy\" decoding=\"async\" src=\"https:\/\/cca-studio.com\/wp-content\/uploads\/2020\/01\/Oel-ATF-Alt-Neu.png\" alt=\"\" class=\"wp-image-227\" width=\"355\" height=\"237\" srcset=\"https:\/\/cca-studio.com\/wp-content\/uploads\/2020\/01\/Oel-ATF-Alt-Neu.png 489w, https:\/\/cca-studio.com\/wp-content\/uploads\/2020\/01\/Oel-ATF-Alt-Neu-300x201.png 300w\" sizes=\"auto, (max-width: 355px) 100vw, 355px\" \/><figcaption><strong>links altes und rechts neues Getriebeoel<\/strong><\/figcaption><\/figure><\/div>\n\n\n\n<p><strong>Das Ergebnis ist:<\/strong><\/p>\n\n\n\n<ul class=\"wp-block-list\"><li>Sofortige und deutliche Verbesserung des Schaltkomforts<\/li><li>Verbesserung der Schalt\u00fcberg\u00e4nge<\/li><li>Vorbeugung gegen Automatikgetriebe-Reparatur oder -Tausch<\/li><li>Verl\u00e4ngerte Lebensdauer des Getriebes und somit des Fahrzeugs<\/li><li>Fr\u00fcherkennung von Sch\u00e4den aufgrund von \u00d6ldiagnose m\u00f6glich<\/li><li>Werterhalt des Fahrzeugs<\/li><\/ul>\n\n\n\n<p class=\"has-medium-font-size\"><strong>Getriebeinstandsetzungen<\/strong><\/p>\n\n\n\n<p>Wenn das\nAutomatikgetriebe defekt ist, stellt sich die Frage:<\/p>\n\n\n\n<p><strong>&#8222;Muss es erneuert werden oder ist eine Instandsetzung m\u00f6glich?&#8220;<\/strong><\/p>\n\n\n\n<figure class=\"wp-block-gallery columns-3 is-cropped wp-block-gallery-3 is-layout-flex wp-block-gallery-is-layout-flex\"><ul class=\"blocks-gallery-grid\"><li class=\"blocks-gallery-item\"><figure><img loading=\"lazy\" decoding=\"async\" width=\"300\" height=\"225\" src=\"https:\/\/cca-studio.com\/wp-content\/uploads\/2020\/12\/IMG_20190309_175159-300x225.jpg\" alt=\"\" data-id=\"514\" data-full-url=\"https:\/\/cca-studio.com\/wp-content\/uploads\/2020\/12\/IMG_20190309_175159.jpg\" data-link=\"https:\/\/cca-studio.com\/getriebe-service\/img_20190309_175159\" class=\"wp-image-514\" srcset=\"https:\/\/cca-studio.com\/wp-content\/uploads\/2020\/12\/IMG_20190309_175159-300x225.jpg 300w, https:\/\/cca-studio.com\/wp-content\/uploads\/2020\/12\/IMG_20190309_175159-1024x768.jpg 1024w, https:\/\/cca-studio.com\/wp-content\/uploads\/2020\/12\/IMG_20190309_175159-768x576.jpg 768w, https:\/\/cca-studio.com\/wp-content\/uploads\/2020\/12\/IMG_20190309_175159-1536x1152.jpg 1536w, https:\/\/cca-studio.com\/wp-content\/uploads\/2020\/12\/IMG_20190309_175159.jpg 1600w\" sizes=\"auto, (max-width: 300px) 100vw, 300px\" \/><\/figure><\/li><li class=\"blocks-gallery-item\"><figure><img loading=\"lazy\" decoding=\"async\" width=\"300\" height=\"225\" src=\"https:\/\/cca-studio.com\/wp-content\/uploads\/2020\/12\/IMG_20190309_175200_1-300x225.jpg\" alt=\"\" data-id=\"515\" data-full-url=\"https:\/\/cca-studio.com\/wp-content\/uploads\/2020\/12\/IMG_20190309_175200_1.jpg\" data-link=\"https:\/\/cca-studio.com\/getriebe-service\/img_20190309_175200_1\" class=\"wp-image-515\" srcset=\"https:\/\/cca-studio.com\/wp-content\/uploads\/2020\/12\/IMG_20190309_175200_1-300x225.jpg 300w, https:\/\/cca-studio.com\/wp-content\/uploads\/2020\/12\/IMG_20190309_175200_1-1024x768.jpg 1024w, https:\/\/cca-studio.com\/wp-content\/uploads\/2020\/12\/IMG_20190309_175200_1-768x576.jpg 768w, https:\/\/cca-studio.com\/wp-content\/uploads\/2020\/12\/IMG_20190309_175200_1-1536x1152.jpg 1536w, https:\/\/cca-studio.com\/wp-content\/uploads\/2020\/12\/IMG_20190309_175200_1.jpg 1600w\" sizes=\"auto, (max-width: 300px) 100vw, 300px\" \/><\/figure><\/li><li class=\"blocks-gallery-item\"><figure><img loading=\"lazy\" decoding=\"async\" width=\"300\" height=\"225\" src=\"https:\/\/cca-studio.com\/wp-content\/uploads\/2020\/12\/IMG_20190309_175201-300x225.jpg\" alt=\"\" data-id=\"516\" data-full-url=\"https:\/\/cca-studio.com\/wp-content\/uploads\/2020\/12\/IMG_20190309_175201.jpg\" data-link=\"https:\/\/cca-studio.com\/getriebe-service\/img_20190309_175201\" class=\"wp-image-516\" srcset=\"https:\/\/cca-studio.com\/wp-content\/uploads\/2020\/12\/IMG_20190309_175201-300x225.jpg 300w, https:\/\/cca-studio.com\/wp-content\/uploads\/2020\/12\/IMG_20190309_175201-1024x768.jpg 1024w, https:\/\/cca-studio.com\/wp-content\/uploads\/2020\/12\/IMG_20190309_175201-768x576.jpg 768w, https:\/\/cca-studio.com\/wp-content\/uploads\/2020\/12\/IMG_20190309_175201-1536x1152.jpg 1536w, https:\/\/cca-studio.com\/wp-content\/uploads\/2020\/12\/IMG_20190309_175201.jpg 1600w\" sizes=\"auto, (max-width: 300px) 100vw, 300px\" \/><\/figure><\/li><\/ul><\/figure>\n\n\n\n<p>Nat\u00fcrlich h\u00e4ngt das\nin erster Linie von der Art des defektes ab, aber in den allermeisten F\u00e4llen\nist eine Instandsetzung bzw. eine General\u00fcberholung m\u00f6glich und vor allem\nkosteng\u00fcnstiger.<\/p>\n\n\n\n<p>Die meisten\nWerkst\u00e4tten tauschen Ihr Getriebe aus. Wir setzen auf kosteng\u00fcnstige\nInstandsetzung!<br>\nWir haben die M\u00f6glichkeiten nahezu jedes defektes Automatikgetriebe\ninstandzusetzen und erneuern dabei alle erforderlichen Verschlei\u00df- &amp;\nsonstige defekte Bauteile. <\/p>\n\n\n\n<p>Bei einer\nInstandsetzung bzw. General\u00fcberholung wird das Automatikgetriebe komplett\nzerlegt, analysiert und einer gr\u00fcndlichen Reinigung unterzogen.<\/p>\n\n\n\n<p>Profitieren sie von\nunserer jahrelanger Erfahrung!<\/p>\n\n\n\n<p><strong>Zum Leistungsspektrum bei der Automatikgetriebeinstandsetzungen geh\u00f6rt u.a.:<\/strong><\/p>\n\n\n\n<ul class=\"wp-block-list\"><li> Fehleranalyse der Beanstandung <\/li><li> Professionelles zerlegen &amp; zusammenbauen des Automatikgetriebe<\/li><li> Reinigung aller erforderlichen Komponenten <\/li><li> Ersetzen aller Lammellenkupplungen<\/li><li> Tausch aller Kolben und Dichtungen<\/li><li> Erneuern der Bremsb\u00e4nder <\/li><\/ul>\n\n\n\n<p><\/p>\n\n\n\n<p><\/p>\n\n\n\n<p><\/p>\n\n\n\n<p>&nbsp;&nbsp;&nbsp; Wenn erforderlich werden die\nKupplungstrommeln &amp; der Planetenradsatz ersetzt<\/p>\n\n\n\n<p>&nbsp;&nbsp;&nbsp; Tausch des Getriebe\u00f6lfilter<\/p>\n\n\n\n<p>&nbsp;&nbsp;&nbsp; Funktionspr\u00fcfung &amp; Probefahrt<\/p>\n\n\n\n<p><strong>H\u00f6chste<\/strong> Sauberkeit ist bei der \u00dcberholung eines Getriebes notwendig.<\/p>\n\n\n\n<div class=\"wp-block-group\"><div class=\"wp-block-group__inner-container is-layout-flow wp-block-group-is-layout-flow\">\n<div class=\"wp-block-group\"><div class=\"wp-block-group__inner-container is-layout-flow wp-block-group-is-layout-flow\">\n<figure class=\"wp-block-gallery columns-2 is-cropped wp-block-gallery-4 is-layout-flex wp-block-gallery-is-layout-flex\"><ul class=\"blocks-gallery-grid\"><li class=\"blocks-gallery-item\"><figure><img loading=\"lazy\" decoding=\"async\" width=\"360\" height=\"270\" src=\"https:\/\/cca-studio.com\/wp-content\/uploads\/2020\/01\/getriebe-einsatz.jpg\" alt=\"\" data-id=\"222\" data-full-url=\"https:\/\/cca-studio.com\/wp-content\/uploads\/2020\/01\/getriebe-einsatz.jpg\" data-link=\"https:\/\/cca-studio.com\/getriebe-service\/getriebe-einsatz-2\" class=\"wp-image-222\" srcset=\"https:\/\/cca-studio.com\/wp-content\/uploads\/2020\/01\/getriebe-einsatz.jpg 360w, https:\/\/cca-studio.com\/wp-content\/uploads\/2020\/01\/getriebe-einsatz-300x225.jpg 300w\" sizes=\"auto, (max-width: 360px) 100vw, 360px\" \/><\/figure><\/li><li class=\"blocks-gallery-item\"><figure><img loading=\"lazy\" decoding=\"async\" width=\"1024\" height=\"784\" src=\"https:\/\/cca-studio.com\/wp-content\/uploads\/2020\/01\/IMG_20190309_175201_1-1024x784.jpg\" alt=\"\" data-id=\"223\" data-full-url=\"https:\/\/cca-studio.com\/wp-content\/uploads\/2020\/01\/IMG_20190309_175201_1.jpg\" data-link=\"https:\/\/cca-studio.com\/getriebe-service\/img_20190309_175201_1\" class=\"wp-image-223\" srcset=\"https:\/\/cca-studio.com\/wp-content\/uploads\/2020\/01\/IMG_20190309_175201_1-1024x784.jpg 1024w, https:\/\/cca-studio.com\/wp-content\/uploads\/2020\/01\/IMG_20190309_175201_1-300x230.jpg 300w, https:\/\/cca-studio.com\/wp-content\/uploads\/2020\/01\/IMG_20190309_175201_1-768x588.jpg 768w, https:\/\/cca-studio.com\/wp-content\/uploads\/2020\/01\/IMG_20190309_175201_1.jpg 1522w\" sizes=\"auto, (max-width: 1024px) 100vw, 1024px\" \/><\/figure><\/li><\/ul><\/figure>\n<\/div><\/div>\n<\/div><\/div>\n","protected":false},"excerpt":{"rendered":"<p>Getriebesp\u00fclung Namhafte \u00d6lhersteller sehen den Grundsatz der &#8222;Lebensdauerf\u00fcllung&#8220; von Getrieben kritisch. Die Haltbarkeit des \u00d6ls wird von den Automobilproduzenten nur selten definiert und ver\u00f6ffentlicht. Ein Wechsel des Getriebe\u00f6ls nach einer [&hellip;]<\/p>\n","protected":false},"author":1,"featured_media":0,"parent":0,"menu_order":0,"comment_status":"closed","ping_status":"closed","template":"","meta":{"footnotes":""},"class_list":["post-78","page","type-page","status-publish","hentry"],"jetpack_sharing_enabled":true,"_links":{"self":[{"href":"https:\/\/cca-studio.com\/index.php?rest_route=\/wp\/v2\/pages\/78","targetHints":{"allow":["GET"]}}],"collection":[{"href":"https:\/\/cca-studio.com\/index.php?rest_route=\/wp\/v2\/pages"}],"about":[{"href":"https:\/\/cca-studio.com\/index.php?rest_route=\/wp\/v2\/types\/page"}],"author":[{"embeddable":true,"href":"https:\/\/cca-studio.com\/index.php?rest_route=\/wp\/v2\/users\/1"}],"replies":[{"embeddable":true,"href":"https:\/\/cca-studio.com\/index.php?rest_route=%2Fwp%2Fv2%2Fcomments&post=78"}],"version-history":[{"count":14,"href":"https:\/\/cca-studio.com\/index.php?rest_route=\/wp\/v2\/pages\/78\/revisions"}],"predecessor-version":[{"id":517,"href":"https:\/\/cca-studio.com\/index.php?rest_route=\/wp\/v2\/pages\/78\/revisions\/517"}],"wp:attachment":[{"href":"https:\/\/cca-studio.com\/index.php?rest_route=%2Fwp%2Fv2%2Fmedia&parent=78"}],"curies":[{"name":"wp","href":"https:\/\/api.w.org\/{rel}","templated":true}]}}