{"id":67,"date":"2019-12-31T12:03:46","date_gmt":"2019-12-31T12:03:46","guid":{"rendered":"https:\/\/ccatestwebsite.live-website.com\/?page_id=67"},"modified":"2020-12-25T15:12:20","modified_gmt":"2020-12-25T15:12:20","slug":"wartung-pflege","status":"publish","type":"page","link":"https:\/\/cca-studio.com\/?page_id=67","title":{"rendered":"Service &#038; Technik"},"content":{"rendered":"\n<p class=\"has-text-color has-medium-font-size\" style=\"color:#0b3968\"><strong>Qualit\u00e4t, Fachwissen &amp; Dokumentation<\/strong><\/p>\n\n\n\n<p><strong>Eine Wartung ist nicht gleich eine Wartung !<\/strong><\/p>\n\n\n\n<div class=\"wp-block-image is-style-rounded\"><figure class=\"aligncenter size-large\"><img loading=\"lazy\" decoding=\"async\" width=\"238\" height=\"281\" src=\"https:\/\/cca-studio.com\/wp-content\/uploads\/2020\/12\/2000L_Oel_nachfuellen_2.jpg\" alt=\"\" class=\"wp-image-520\"\/><\/figure><\/div>\n\n\n\n<p>Fehlende,\nunregelm\u00e4\u00dfig oder schlecht durchgef\u00fchrte Wartung kann zu erh\u00f6htem\nKraftstoffverbrauch, Leistungsverlust oder gar zu Sch\u00e4den am Fahrwerk oder\nMotor f\u00fchren. Im schlimmsten Fall kann die Funktionsf\u00e4higkeit und\nVerkehrssicherheit des Fahrzeugs beeintr\u00e4chtigt werden.<\/p>\n\n\n\n<p>Voraussetzung f\u00fcr eine erfolgreiche Wartung ist, dass die Arbeiten fachgerecht und mindestens nach Hersteller-Vorgaben durchgef\u00fchrt werden. <br> Dadurch bleibt Ihnen selbstverst\u00e4ndlich auch die Herstellergarantie erhalten!!<\/p>\n\n\n\n<div class=\"wp-block-image is-style-circle-mask\"><figure class=\"aligncenter size-large is-resized\"><img loading=\"lazy\" decoding=\"async\" src=\"https:\/\/cca-studio.com\/wp-content\/uploads\/2020\/01\/IMG_20190222_201447_7_LI-1024x768.jpg\" alt=\"\" class=\"wp-image-297\" width=\"428\" height=\"321\" srcset=\"https:\/\/cca-studio.com\/wp-content\/uploads\/2020\/01\/IMG_20190222_201447_7_LI-1024x768.jpg 1024w, https:\/\/cca-studio.com\/wp-content\/uploads\/2020\/01\/IMG_20190222_201447_7_LI-300x225.jpg 300w, https:\/\/cca-studio.com\/wp-content\/uploads\/2020\/01\/IMG_20190222_201447_7_LI-768x576.jpg 768w, https:\/\/cca-studio.com\/wp-content\/uploads\/2020\/01\/IMG_20190222_201447_7_LI-1536x1152.jpg 1536w, https:\/\/cca-studio.com\/wp-content\/uploads\/2020\/01\/IMG_20190222_201447_7_LI.jpg 1600w\" sizes=\"auto, (max-width: 428px) 100vw, 428px\" \/><\/figure><\/div>\n\n\n\n<p>F\u00fcr jedes Fahrzeug\ngibt es einen speziellen Wartungsplan, der aufgeschl\u00fcsselt ist, nach der\nerreichten Laufleistung, der Zeit, dem jeweiligen Fahrzeugtyp und der\nentsprechenden Motorisierung.<\/p>\n\n\n\n<p>Bei uns wird jeder\nWartungsdienst mit einem entsprechenden Wartungsblatt sehr detailliert\ndokumentiert. Dieser richtet sich mindestens nach den Umf\u00e4ngen des jeweiligen\nFahrzeugherstellers. <\/p>\n\n\n\n<p>Aufgrund unserer\nErfahrung verstehen wir diesen als Mindestumfang und k\u00f6nnen sehr gezielt auf\nherstellerspezifische Besonderheiten eingehen.<\/p>\n\n\n\n<p>Jede Auff\u00e4lligkeit sprechen wir mit Ihnen sehr transparent durch und stimmen die n\u00e4chsten Schritte gemeinsam ab.<\/p>\n\n\n\n<p>Und den <strong>Service 4.0<\/strong> nehmen wir u.a. im punkto\nDigitalisierung sehr ernst &amp; sind z.B. mit den wichtigsten\nFahrzeugherstellerportalen verbunden um auch bei neueren Fahrzeugen die\ndurchgef\u00fchrten Wartungsarbeiten dort direkt zu dokumentieren.<\/p>\n\n\n\n<p><strong>So schaffen wir einen echten &amp; nachvollziehbaren Mehrwert f\u00fcr Sie &amp; Ihr heiligs Blechle&#8230;..<\/strong><\/p>\n\n\n\n<div class=\"wp-block-image\"><figure class=\"aligncenter size-large\"><img loading=\"lazy\" decoding=\"async\" width=\"416\" height=\"117\" src=\"https:\/\/cca-studio.com\/wp-content\/uploads\/2020\/01\/Logo_CCA_Fahrzeug_50.jpg\" alt=\"\" class=\"wp-image-210\" srcset=\"https:\/\/cca-studio.com\/wp-content\/uploads\/2020\/01\/Logo_CCA_Fahrzeug_50.jpg 416w, https:\/\/cca-studio.com\/wp-content\/uploads\/2020\/01\/Logo_CCA_Fahrzeug_50-300x84.jpg 300w\" sizes=\"auto, (max-width: 416px) 100vw, 416px\" \/><\/figure><\/div>\n","protected":false},"excerpt":{"rendered":"<p>Qualit\u00e4t, Fachwissen &amp; Dokumentation Eine Wartung ist nicht gleich eine Wartung ! Fehlende, unregelm\u00e4\u00dfig oder schlecht durchgef\u00fchrte Wartung kann zu erh\u00f6htem Kraftstoffverbrauch, Leistungsverlust oder gar zu Sch\u00e4den am Fahrwerk oder [&hellip;]<\/p>\n","protected":false},"author":1,"featured_media":0,"parent":0,"menu_order":0,"comment_status":"closed","ping_status":"closed","template":"","meta":{"footnotes":""},"class_list":["post-67","page","type-page","status-publish","hentry"],"jetpack_sharing_enabled":true,"_links":{"self":[{"href":"https:\/\/cca-studio.com\/index.php?rest_route=\/wp\/v2\/pages\/67","targetHints":{"allow":["GET"]}}],"collection":[{"href":"https:\/\/cca-studio.com\/index.php?rest_route=\/wp\/v2\/pages"}],"about":[{"href":"https:\/\/cca-studio.com\/index.php?rest_route=\/wp\/v2\/types\/page"}],"author":[{"embeddable":true,"href":"https:\/\/cca-studio.com\/index.php?rest_route=\/wp\/v2\/users\/1"}],"replies":[{"embeddable":true,"href":"https:\/\/cca-studio.com\/index.php?rest_route=%2Fwp%2Fv2%2Fcomments&post=67"}],"version-history":[{"count":11,"href":"https:\/\/cca-studio.com\/index.php?rest_route=\/wp\/v2\/pages\/67\/revisions"}],"predecessor-version":[{"id":522,"href":"https:\/\/cca-studio.com\/index.php?rest_route=\/wp\/v2\/pages\/67\/revisions\/522"}],"wp:attachment":[{"href":"https:\/\/cca-studio.com\/index.php?rest_route=%2Fwp%2Fv2%2Fmedia&parent=67"}],"curies":[{"name":"wp","href":"https:\/\/api.w.org\/{rel}","templated":true}]}}