{"id":62,"date":"2019-12-31T11:52:48","date_gmt":"2019-12-31T11:52:48","guid":{"rendered":"https:\/\/ccatestwebsite.live-website.com\/?page_id=62"},"modified":"2022-08-03T20:44:03","modified_gmt":"2022-08-03T20:44:03","slug":"serviceleistungen","status":"publish","type":"page","link":"https:\/\/cca-studio.com\/?page_id=62","title":{"rendered":"Serviceleistungen"},"content":{"rendered":"<div class=\"wp-block-image is-style-rounded\">\n<figure class=\"aligncenter size-large is-resized\"><img loading=\"lazy\" decoding=\"async\" src=\"https:\/\/cca-studio.com\/wp-content\/uploads\/2022\/08\/20220317_153815-768x1024.jpg\" alt=\"\" class=\"wp-image-624\" width=\"384\" height=\"512\" srcset=\"https:\/\/cca-studio.com\/wp-content\/uploads\/2022\/08\/20220317_153815-768x1024.jpg 768w, https:\/\/cca-studio.com\/wp-content\/uploads\/2022\/08\/20220317_153815-225x300.jpg 225w, https:\/\/cca-studio.com\/wp-content\/uploads\/2022\/08\/20220317_153815-1152x1536.jpg 1152w, https:\/\/cca-studio.com\/wp-content\/uploads\/2022\/08\/20220317_153815-1536x2048.jpg 1536w, https:\/\/cca-studio.com\/wp-content\/uploads\/2022\/08\/20220317_153815-scaled.jpg 1920w\" sizes=\"auto, (max-width: 384px) 100vw, 384px\" \/><\/figure>\n<\/div>\n\n\n<p>Wir\nhaben ein breites Portfolio an <strong>Serviceleistungen<\/strong>\ndenen wir uns direkt annehmen und auf unsere <strong>Kernkompetenzen<\/strong>\nkonzentrieren.<\/p>\n\n\n\n<p class=\"has-medium-font-size\"><strong>Unsere Serviceleistungen und Kernkompetenzen sind in\nden Bereichen:<br>\n<\/strong>&nbsp;<\/p>\n\n\n\n<ul class=\"wp-block-list\"><li><strong>Service &amp; Technik<\/strong><br>Rund um Wartungsdienste, Bremsen, Lenkgetriebe, Fahrwerk etc.<\/li><\/ul>\n\n\n\n<ul class=\"wp-block-list\"><li> <strong>Elektrik &amp; Diagnose<\/strong><br>elektronische Fehlersuche &amp; Instandsetzung von Steuerger\u00e4ten <\/li><\/ul>\n\n\n\n<ul class=\"wp-block-list\"><li> <strong>Klimaanalgen &amp; Standheizung<\/strong><br>Rund um Wartung, Nachr\u00fcstung und Instandsetzung <\/li><\/ul>\n\n\n\n<ul class=\"wp-block-list\"><li> <strong>Getriebe &amp; Sp\u00fclung<\/strong><br>Alles was ein Automatikgetriebe zum Service und zur Instandsetzung ben\u00f6tigt <\/li><\/ul>\n\n\n\n<ul class=\"wp-block-list\"><li><strong>R\u00e4der &amp; Reifeneinlagerung<\/strong><br>Von neuen Pneus bis zur professionellen Einlagerung<br>Geniale Sport und Designfelgen. F\u00fcr jeden Geschmack und Fahrzeug k\u00f6nnen wir etwas anbieten<\/li><\/ul>\n\n\n\n<ul class=\"wp-block-list\"><li> <strong>Motor &amp; Tuning<\/strong><br>Professionelle Motoreninstandsetzung<br>Individuelle Fahrzeugveredelung und Tuning <\/li><\/ul>\n\n\n\n<ul class=\"wp-block-list\"><li> <strong>Oldtimer &amp; Pflege<\/strong><br>Rund um das Wertvollste der automobilen Geschichte<br>Ob Einzigartige Politurl\u00f6sungen oder Hohlraumversiegelungen nach Mike Sander Methode. Damit <strong>IHR <\/strong>Fahrzeug dauerhaft gesch\u00fctzt <\/li><\/ul>\n\n\n\n<p class=\"has-medium-font-size\"><strong>Kooperationspartner<\/strong><\/p>\n\n\n\n<p>F\u00fcr Aufgaben die nicht direkt in unserem Bereich liegen, k\u00f6nnen wir uns seit vielen Jahren auf zuverl\u00e4ssige Kooperationspartner st\u00fctzen. <\/p>\n\n\n\n<p>Damit\nstellen wir sicher, dass sie und ihr Fahrzeug alles aus einem Guss mit der\ngleichen hohen Qualit\u00e4t zu einem fairen Preis erhalten.<\/p>\n\n\n\n<p>In\nZusammenarbeit mit entsprechenden <strong>Kooperationspartnern\n&amp; renommierten Betrieben<\/strong>, mit denen wir seit Jahren vertrauensvoll\npartnerschaftlich zusammenarbeiten, erledigen wir ferner:<\/p>\n\n\n\n<ul class=\"wp-block-list\"><li>Kennfeld-  und Getriebesoftwareanpassungen f\u00fcr eine zielgerichtete      Leistungssteigerung <strong>oder <\/strong>Verbrauchsoptimierung<\/li><li>Karosserieinstandsetzungen &amp; Fahrzeuglackierungen auf aller h\u00f6chstem Niveau<\/li><li>Fahrzeugfolierungen<\/li><\/ul>\n\n\n<div class=\"wp-block-image is-style-circle-mask\">\n<figure class=\"aligncenter size-large is-resized\"><img loading=\"lazy\" decoding=\"async\" src=\"https:\/\/cca-studio.com\/wp-content\/uploads\/2019\/12\/Heikki-Jaime-Brooklyn.jpg\" alt=\"\" class=\"wp-image-64\" width=\"410\" height=\"396\" srcset=\"https:\/\/cca-studio.com\/wp-content\/uploads\/2019\/12\/Heikki-Jaime-Brooklyn.jpg 1024w, https:\/\/cca-studio.com\/wp-content\/uploads\/2019\/12\/Heikki-Jaime-Brooklyn-300x290.jpg 300w, https:\/\/cca-studio.com\/wp-content\/uploads\/2019\/12\/Heikki-Jaime-Brooklyn-768x742.jpg 768w\" sizes=\"auto, (max-width: 410px) 100vw, 410px\" \/><\/figure>\n<\/div>","protected":false},"excerpt":{"rendered":"<p>Wir haben ein breites Portfolio an Serviceleistungen denen wir uns direkt annehmen und auf unsere Kernkompetenzen konzentrieren. Unsere Serviceleistungen und Kernkompetenzen sind in den Bereichen: &nbsp; Service &amp; TechnikRund um [&hellip;]<\/p>\n","protected":false},"author":1,"featured_media":64,"parent":0,"menu_order":0,"comment_status":"closed","ping_status":"closed","template":"","meta":{"footnotes":""},"class_list":["post-62","page","type-page","status-publish","has-post-thumbnail","hentry"],"jetpack_sharing_enabled":true,"_links":{"self":[{"href":"https:\/\/cca-studio.com\/index.php?rest_route=\/wp\/v2\/pages\/62","targetHints":{"allow":["GET"]}}],"collection":[{"href":"https:\/\/cca-studio.com\/index.php?rest_route=\/wp\/v2\/pages"}],"about":[{"href":"https:\/\/cca-studio.com\/index.php?rest_route=\/wp\/v2\/types\/page"}],"author":[{"embeddable":true,"href":"https:\/\/cca-studio.com\/index.php?rest_route=\/wp\/v2\/users\/1"}],"replies":[{"embeddable":true,"href":"https:\/\/cca-studio.com\/index.php?rest_route=%2Fwp%2Fv2%2Fcomments&post=62"}],"version-history":[{"count":20,"href":"https:\/\/cca-studio.com\/index.php?rest_route=\/wp\/v2\/pages\/62\/revisions"}],"predecessor-version":[{"id":625,"href":"https:\/\/cca-studio.com\/index.php?rest_route=\/wp\/v2\/pages\/62\/revisions\/625"}],"wp:featuredmedia":[{"embeddable":true,"href":"https:\/\/cca-studio.com\/index.php?rest_route=\/wp\/v2\/media\/64"}],"wp:attachment":[{"href":"https:\/\/cca-studio.com\/index.php?rest_route=%2Fwp%2Fv2%2Fmedia&parent=62"}],"curies":[{"name":"wp","href":"https:\/\/api.w.org\/{rel}","templated":true}]}}