{"id":123,"date":"2019-12-31T15:03:13","date_gmt":"2019-12-31T15:03:13","guid":{"rendered":"https:\/\/ccatestwebsite.live-website.com\/?page_id=123"},"modified":"2023-08-05T14:23:34","modified_gmt":"2023-08-05T14:23:34","slug":"was-machen-wir","status":"publish","type":"page","link":"https:\/\/cca-studio.com\/?page_id=123","title":{"rendered":"Was machen wir ?"},"content":{"rendered":"\n<p class=\"has-medium-font-size\">News &#8211; Wissenswertes<\/p>\n\n\n\n<figure class=\"wp-block-gallery has-nested-images columns-6 is-cropped wp-block-gallery-2 is-layout-flex wp-block-gallery-is-layout-flex\">\n<figure class=\"wp-block-image size-large\"><img loading=\"lazy\" decoding=\"async\" width=\"720\" height=\"720\" data-id=\"56\" src=\"https:\/\/cca-studio.com\/wp-content\/uploads\/2019\/12\/PostPlus1574495885975.jpg\" alt=\"\" class=\"wp-image-56\" srcset=\"https:\/\/cca-studio.com\/wp-content\/uploads\/2019\/12\/PostPlus1574495885975.jpg 720w, https:\/\/cca-studio.com\/wp-content\/uploads\/2019\/12\/PostPlus1574495885975-300x300.jpg 300w, https:\/\/cca-studio.com\/wp-content\/uploads\/2019\/12\/PostPlus1574495885975-150x150.jpg 150w\" sizes=\"auto, (max-width: 720px) 100vw, 720px\" \/><\/figure>\n\n\n\n<figure class=\"wp-block-image size-large\"><img loading=\"lazy\" decoding=\"async\" width=\"768\" height=\"1024\" data-id=\"55\" src=\"https:\/\/cca-studio.com\/wp-content\/uploads\/2019\/12\/IMG-20191123-WA0004.jpg\" alt=\"\" class=\"wp-image-55\" srcset=\"https:\/\/cca-studio.com\/wp-content\/uploads\/2019\/12\/IMG-20191123-WA0004.jpg 768w, https:\/\/cca-studio.com\/wp-content\/uploads\/2019\/12\/IMG-20191123-WA0004-225x300.jpg 225w\" sizes=\"auto, (max-width: 768px) 100vw, 768px\" \/><\/figure>\n\n\n\n<figure class=\"wp-block-image size-large\"><img loading=\"lazy\" decoding=\"async\" width=\"720\" height=\"720\" data-id=\"58\" src=\"https:\/\/cca-studio.com\/wp-content\/uploads\/2019\/12\/PostPlus1574496086115.jpg\" alt=\"\" class=\"wp-image-58\" srcset=\"https:\/\/cca-studio.com\/wp-content\/uploads\/2019\/12\/PostPlus1574496086115.jpg 720w, https:\/\/cca-studio.com\/wp-content\/uploads\/2019\/12\/PostPlus1574496086115-300x300.jpg 300w, https:\/\/cca-studio.com\/wp-content\/uploads\/2019\/12\/PostPlus1574496086115-150x150.jpg 150w\" sizes=\"auto, (max-width: 720px) 100vw, 720px\" \/><\/figure>\n\n\n\n<figure class=\"wp-block-image size-large\"><img loading=\"lazy\" decoding=\"async\" width=\"720\" height=\"720\" data-id=\"57\" src=\"https:\/\/cca-studio.com\/wp-content\/uploads\/2019\/12\/PostPlus1574496007754.jpg\" alt=\"\" class=\"wp-image-57\" srcset=\"https:\/\/cca-studio.com\/wp-content\/uploads\/2019\/12\/PostPlus1574496007754.jpg 720w, https:\/\/cca-studio.com\/wp-content\/uploads\/2019\/12\/PostPlus1574496007754-300x300.jpg 300w, https:\/\/cca-studio.com\/wp-content\/uploads\/2019\/12\/PostPlus1574496007754-150x150.jpg 150w\" sizes=\"auto, (max-width: 720px) 100vw, 720px\" \/><\/figure>\n\n\n\n<figure class=\"wp-block-image size-large\"><img loading=\"lazy\" decoding=\"async\" width=\"720\" height=\"720\" data-id=\"59\" src=\"https:\/\/cca-studio.com\/wp-content\/uploads\/2019\/12\/PostPlus1574496108607.jpg\" alt=\"\" class=\"wp-image-59\" srcset=\"https:\/\/cca-studio.com\/wp-content\/uploads\/2019\/12\/PostPlus1574496108607.jpg 720w, https:\/\/cca-studio.com\/wp-content\/uploads\/2019\/12\/PostPlus1574496108607-300x300.jpg 300w, https:\/\/cca-studio.com\/wp-content\/uploads\/2019\/12\/PostPlus1574496108607-150x150.jpg 150w\" sizes=\"auto, (max-width: 720px) 100vw, 720px\" \/><\/figure>\n\n\n\n<figure class=\"wp-block-image size-large\"><img loading=\"lazy\" decoding=\"async\" width=\"1024\" height=\"768\" data-id=\"54\" src=\"https:\/\/cca-studio.com\/wp-content\/uploads\/2019\/12\/20191130_124934-1024x768.jpg\" alt=\"\" class=\"wp-image-54\" srcset=\"https:\/\/cca-studio.com\/wp-content\/uploads\/2019\/12\/20191130_124934-1024x768.jpg 1024w, https:\/\/cca-studio.com\/wp-content\/uploads\/2019\/12\/20191130_124934-300x225.jpg 300w, https:\/\/cca-studio.com\/wp-content\/uploads\/2019\/12\/20191130_124934-768x576.jpg 768w, https:\/\/cca-studio.com\/wp-content\/uploads\/2019\/12\/20191130_124934-1536x1152.jpg 1536w, https:\/\/cca-studio.com\/wp-content\/uploads\/2019\/12\/20191130_124934-2048x1536.jpg 2048w\" sizes=\"auto, (max-width: 1024px) 100vw, 1024px\" \/><\/figure>\n<figcaption class=\"blocks-gallery-caption wp-element-caption\">911 Turbo &#8222;964&#8220; Wellness Programm<\/figcaption><\/figure>\n\n\n\n<p><\/p>\n\n\n\n<p><\/p>\n\n\n\n<p class=\"has-text-color has-medium-font-size\" style=\"color:#0b3968\"><strong>Das Automobil leben ! &#8211; Perfektion f\u00fcr alle Sinne<\/strong><\/p>\n\n\n\n<p>Unser <strong>Team <\/strong>besteht aus hervorragend ausgebildeten und motivierten Mitarbeitern, die absolute <strong>Experten <\/strong>auf ihrem Gebiet sind.<\/p>\n\n\n\n<p>Dank unserer <strong>langj\u00e4hrigen Erfahrung<\/strong> in der Branche k\u00f6nnen wir jederzeit umfangreichen, <strong>erstklassigen Service<\/strong> f\u00fcr unsere Kunden anbieten.<\/p>\n\n\n\n<p>Vom \u00d6lwechsel, \u00fcber Fehlersuche, hin zur Klimawartung bis zur aufw\u00e4ndigen Restaurierung bearbeiten das unsere hochqualifizierten Mitarbeiter mit <strong>Leidenschaft<\/strong>&#8230;&#8230;<\/p>\n\n\n<div class=\"wp-block-image is-style-circle-mask\">\n<figure class=\"aligncenter size-large is-resized\"><img loading=\"lazy\" decoding=\"async\" src=\"https:\/\/cca-studio.com\/wp-content\/uploads\/2020\/01\/20190615_140110-1024x768.jpg\" alt=\"\" class=\"wp-image-148\" width=\"388\" height=\"291\" srcset=\"https:\/\/cca-studio.com\/wp-content\/uploads\/2020\/01\/20190615_140110-1024x768.jpg 1024w, https:\/\/cca-studio.com\/wp-content\/uploads\/2020\/01\/20190615_140110-300x225.jpg 300w, https:\/\/cca-studio.com\/wp-content\/uploads\/2020\/01\/20190615_140110-768x576.jpg 768w, https:\/\/cca-studio.com\/wp-content\/uploads\/2020\/01\/20190615_140110-1536x1152.jpg 1536w, https:\/\/cca-studio.com\/wp-content\/uploads\/2020\/01\/20190615_140110-2048x1536.jpg 2048w\" sizes=\"auto, (max-width: 388px) 100vw, 388px\" \/><\/figure>\n<\/div>\n\n\n<p class=\"has-text-color has-medium-font-size\" style=\"color:#0b3968\"><strong>&nbsp;Woher nehmen wir die spezifischen Fachkenntnisse?<\/strong><\/p>\n\n\n\n<p>Breite Erfahrung\naufgrund der langj\u00e4hrigen Erfahrung auch aufgrund der t\u00e4glichen Problemf\u00e4lle.<\/p>\n\n\n\n<p>Die richtige\nDiagnose und die handwerkliche Kompetenz erm\u00f6glichen hochwertige Reparaturen an\nFahrwerk, Motor und Getriebe.<\/p>\n\n\n\n<p>St\u00e4ndige\nWeiterentwicklung des eigenen Knowhows &amp; der internen Prozesse<\/p>\n\n\n\n<p>Externe Schulungen sind f\u00fcr uns eine Selbstverst\u00e4ndlichkeit. <br>Beispiel:  Eine Bremsanlage ist heutzutage ein komplexes technisches System,  welches durch elektronische Sicherheitseinrichtungen wie z.B. ABS, ESP,  ESR oder Hold-Funktionen erg\u00e4nzt wird. <\/p>\n\n\n\n<p>So sind unsere Mitarbeiter auch auf moderne elektronische Bremsensysteme qualifiziert geschult.<\/p>\n\n\n\n<p><\/p>\n\n\n\n<p>Unter anderem sind wir in der Automobilindustrie vorz\u00fcglich vernetzt  \u2013 mit unserem Motto: von erfolgreichen Unternehmen lernen <\/p>\n\n\n<div class=\"wp-block-image is-style-circle-mask\">\n<figure class=\"aligncenter size-large is-resized\"><img loading=\"lazy\" decoding=\"async\" src=\"https:\/\/cca-studio.com\/wp-content\/uploads\/2019\/12\/20191130_124715-768x1024.jpg\" alt=\"\" class=\"wp-image-53\" width=\"325\" height=\"434\" srcset=\"https:\/\/cca-studio.com\/wp-content\/uploads\/2019\/12\/20191130_124715-768x1024.jpg 768w, https:\/\/cca-studio.com\/wp-content\/uploads\/2019\/12\/20191130_124715-225x300.jpg 225w, https:\/\/cca-studio.com\/wp-content\/uploads\/2019\/12\/20191130_124715-1152x1536.jpg 1152w, https:\/\/cca-studio.com\/wp-content\/uploads\/2019\/12\/20191130_124715-1536x2048.jpg 1536w, https:\/\/cca-studio.com\/wp-content\/uploads\/2019\/12\/20191130_124715-scaled.jpg 1920w\" sizes=\"auto, (max-width: 325px) 100vw, 325px\" \/><\/figure>\n<\/div>\n\n\n<p class=\"has-text-color has-medium-font-size\" style=\"color:#0b3968\"><strong>Worauf WIR achten !<\/strong><\/p>\n\n\n\n<p class=\"has-medium-font-size\">Qualit\u00e4t <strong>ohne <\/strong>Kompromisse<\/p>\n\n\n\n<p><strong>Es gibt alles im World Wide Web.<\/strong> Vor allem <strong>billig<\/strong>. <br>Da schaltet sich bei manchen Verbrauchern der gesunde Menschenverstand aus. <br>Es ist unglaublich, zu welch g\u00fcnstigen Preisen Autoersatzteile im Internet zu finden sind. Doch leider handelt es sich immer h\u00e4ufiger um <strong>billige Nachbauten oder F\u00e4lschungen <\/strong>die nicht dem erforderlichen Qualit\u00e4tsstandart gerecht werden. <br><br><strong>Und das oft mit kapitalen Folgen.  <\/strong><br><br>So m\u00fcssen zum Beispiel beim Bremsen gewaltige Kr\u00e4fte \u00fcbertragen werden um ihr Fahrzeug sicher abbremsen zu k\u00f6nnen und das mehrfach \u00fcber tausende Kilometer. Bei billigen Nachbauten kann es zu einem Versagen kommen und das im schlimmsten Fall dann, wenn es am dringensten gebraucht wird.<br><br>Wir achten bei der Verwendung und Verarbeitung aller Ersatzteile auf h\u00f6chste Qualit\u00e4t und verwenden prim\u00e4r Tier 1 ( z.B. ATE, Hella, Mann&amp;Hummel, BOSCH etc.) Ersatzteile.<br>Damit zum Beispiel eine Vollbremsung nicht zum Problem wird.<\/p>\n\n\n<div class=\"wp-block-image is-style-circle-mask\">\n<figure class=\"aligncenter size-large is-resized\"><img loading=\"lazy\" decoding=\"async\" src=\"https:\/\/cca-studio.com\/wp-content\/uploads\/2020\/01\/20190916_192730-3-1024x768.jpg\" alt=\"\" class=\"wp-image-285\" width=\"416\" height=\"312\" srcset=\"https:\/\/cca-studio.com\/wp-content\/uploads\/2020\/01\/20190916_192730-3-1024x768.jpg 1024w, https:\/\/cca-studio.com\/wp-content\/uploads\/2020\/01\/20190916_192730-3-300x225.jpg 300w, https:\/\/cca-studio.com\/wp-content\/uploads\/2020\/01\/20190916_192730-3-768x576.jpg 768w, https:\/\/cca-studio.com\/wp-content\/uploads\/2020\/01\/20190916_192730-3-1536x1152.jpg 1536w, https:\/\/cca-studio.com\/wp-content\/uploads\/2020\/01\/20190916_192730-3-2048x1536.jpg 2048w\" sizes=\"auto, (max-width: 416px) 100vw, 416px\" \/><\/figure>\n<\/div>\n\n\n<p>Kommt vorbei &amp; \u00fcberzeugt euch selbst&#8230;..<\/p>\n","protected":false},"excerpt":{"rendered":"<p>News &#8211; Wissenswertes Das Automobil leben ! &#8211; Perfektion f\u00fcr alle Sinne Unser Team besteht aus hervorragend ausgebildeten und motivierten Mitarbeitern, die absolute Experten auf ihrem Gebiet sind. Dank unserer [&hellip;]<\/p>\n","protected":false},"author":1,"featured_media":0,"parent":0,"menu_order":0,"comment_status":"closed","ping_status":"closed","template":"","meta":{"footnotes":""},"class_list":["post-123","page","type-page","status-publish","hentry"],"jetpack_sharing_enabled":true,"_links":{"self":[{"href":"https:\/\/cca-studio.com\/index.php?rest_route=\/wp\/v2\/pages\/123","targetHints":{"allow":["GET"]}}],"collection":[{"href":"https:\/\/cca-studio.com\/index.php?rest_route=\/wp\/v2\/pages"}],"about":[{"href":"https:\/\/cca-studio.com\/index.php?rest_route=\/wp\/v2\/types\/page"}],"author":[{"embeddable":true,"href":"https:\/\/cca-studio.com\/index.php?rest_route=\/wp\/v2\/users\/1"}],"replies":[{"embeddable":true,"href":"https:\/\/cca-studio.com\/index.php?rest_route=%2Fwp%2Fv2%2Fcomments&post=123"}],"version-history":[{"count":27,"href":"https:\/\/cca-studio.com\/index.php?rest_route=\/wp\/v2\/pages\/123\/revisions"}],"predecessor-version":[{"id":680,"href":"https:\/\/cca-studio.com\/index.php?rest_route=\/wp\/v2\/pages\/123\/revisions\/680"}],"wp:attachment":[{"href":"https:\/\/cca-studio.com\/index.php?rest_route=%2Fwp%2Fv2%2Fmedia&parent=123"}],"curies":[{"name":"wp","href":"https:\/\/api.w.org\/{rel}","templated":true}]}}