{"id":104,"date":"2019-12-31T14:51:32","date_gmt":"2019-12-31T14:51:32","guid":{"rendered":"https:\/\/ccatestwebsite.live-website.com\/?page_id=104"},"modified":"2021-03-21T14:47:06","modified_gmt":"2021-03-21T14:47:06","slug":"motor-tuning","status":"publish","type":"page","link":"https:\/\/cca-studio.com\/?page_id=104","title":{"rendered":"Motor &#038; Tuning"},"content":{"rendered":"\n<p>Sie wollen weg vom Standard &amp; hin zu Ihrem individuellen Schmuckst\u00fcck auf vier R\u00e4dern?<\/p>\n\n\n\n<p>Wir helfen Ihnen dabei Ihre Tr\u00e4ume in Realit\u00e4t umzusetzen &amp; das auch mit der notwendigen Sicherheit.<\/p>\n\n\n\n<p>Viele sprechen vom Tuning, leben aber nicht die eigentliche Bedeutung von Tuning.<\/p>\n\n\n\n<p><strong>Wir <\/strong>leben das Tuning gem\u00e4\u00df seiner eigentlichen Bedeutung \u2026\u2026<br><br><strong>&#8222;Tuning&#8220; <\/strong>abgeleitet vom engl.<strong> &#8222;to tune&#8220; &#8211; &#8222;etwas abstimmen und in den Einklang bringen&#8220;<\/strong><\/p>\n\n\n\n<p>Wir bringen ihr Schmuckst\u00fcck in Einklang und sie erhalten &#8222;freie Fahrt&#8220; auf dem Weg zum individuellen Einzelst\u00fcck!<\/p>\n\n\n\n<ul class=\"wp-block-list\"><li><strong>Sportabgasanlagen<\/strong><br>optimaler Sound bei der Nutzung von Sportabgasanlagen von namhaften Herstellern. Aber auch Einzelanfertigungen sind bei uns m\u00f6glich.<\/li><\/ul>\n\n\n\n<figure class=\"wp-block-gallery columns-3 is-cropped wp-block-gallery-2 is-layout-flex wp-block-gallery-is-layout-flex\"><ul class=\"blocks-gallery-grid\"><li class=\"blocks-gallery-item\"><figure><img loading=\"lazy\" decoding=\"async\" width=\"768\" height=\"1024\" src=\"https:\/\/cca-studio.com\/wp-content\/uploads\/2021\/03\/IMG-20200325-WA0014-768x1024.jpg\" alt=\"\" data-id=\"570\" data-full-url=\"https:\/\/cca-studio.com\/wp-content\/uploads\/2021\/03\/IMG-20200325-WA0014.jpg\" data-link=\"https:\/\/cca-studio.com\/motor-tuning\/img-20200325-wa0014\" class=\"wp-image-570\" srcset=\"https:\/\/cca-studio.com\/wp-content\/uploads\/2021\/03\/IMG-20200325-WA0014-768x1024.jpg 768w, https:\/\/cca-studio.com\/wp-content\/uploads\/2021\/03\/IMG-20200325-WA0014-225x300.jpg 225w, https:\/\/cca-studio.com\/wp-content\/uploads\/2021\/03\/IMG-20200325-WA0014-1152x1536.jpg 1152w, https:\/\/cca-studio.com\/wp-content\/uploads\/2021\/03\/IMG-20200325-WA0014.jpg 1200w\" sizes=\"auto, (max-width: 768px) 100vw, 768px\" \/><figcaption class=\"blocks-gallery-item__caption\">F\u00e4cherkr\u00fcmmer poliert<\/figcaption><\/figure><\/li><li class=\"blocks-gallery-item\"><figure><img loading=\"lazy\" decoding=\"async\" width=\"768\" height=\"1024\" src=\"https:\/\/cca-studio.com\/wp-content\/uploads\/2021\/03\/IMG-20200325-WA0023-768x1024.jpg\" alt=\"\" data-id=\"573\" data-full-url=\"https:\/\/cca-studio.com\/wp-content\/uploads\/2021\/03\/IMG-20200325-WA0023.jpg\" data-link=\"https:\/\/cca-studio.com\/motor-tuning\/img-20200325-wa0023\" class=\"wp-image-573\" srcset=\"https:\/\/cca-studio.com\/wp-content\/uploads\/2021\/03\/IMG-20200325-WA0023-768x1024.jpg 768w, https:\/\/cca-studio.com\/wp-content\/uploads\/2021\/03\/IMG-20200325-WA0023-225x300.jpg 225w, https:\/\/cca-studio.com\/wp-content\/uploads\/2021\/03\/IMG-20200325-WA0023-1152x1536.jpg 1152w, https:\/\/cca-studio.com\/wp-content\/uploads\/2021\/03\/IMG-20200325-WA0023.jpg 1200w\" sizes=\"auto, (max-width: 768px) 100vw, 768px\" \/><figcaption class=\"blocks-gallery-item__caption\">in die Passform bringen<\/figcaption><\/figure><\/li><li class=\"blocks-gallery-item\"><figure><img loading=\"lazy\" decoding=\"async\" width=\"768\" height=\"1024\" src=\"https:\/\/cca-studio.com\/wp-content\/uploads\/2021\/03\/IMG-20200325-WA0015-768x1024.jpg\" alt=\"\" data-id=\"571\" data-full-url=\"https:\/\/cca-studio.com\/wp-content\/uploads\/2021\/03\/IMG-20200325-WA0015.jpg\" data-link=\"https:\/\/cca-studio.com\/motor-tuning\/img-20200325-wa0015\" class=\"wp-image-571\" srcset=\"https:\/\/cca-studio.com\/wp-content\/uploads\/2021\/03\/IMG-20200325-WA0015-768x1024.jpg 768w, https:\/\/cca-studio.com\/wp-content\/uploads\/2021\/03\/IMG-20200325-WA0015-225x300.jpg 225w, https:\/\/cca-studio.com\/wp-content\/uploads\/2021\/03\/IMG-20200325-WA0015-1152x1536.jpg 1152w, https:\/\/cca-studio.com\/wp-content\/uploads\/2021\/03\/IMG-20200325-WA0015.jpg 1200w\" sizes=\"auto, (max-width: 768px) 100vw, 768px\" \/><figcaption class=\"blocks-gallery-item__caption\">Integration<\/figcaption><\/figure><\/li><li class=\"blocks-gallery-item\"><figure><img loading=\"lazy\" decoding=\"async\" width=\"1024\" height=\"768\" src=\"https:\/\/cca-studio.com\/wp-content\/uploads\/2021\/03\/IMG-20200325-WA0018-1024x768.jpg\" alt=\"\" data-id=\"572\" data-full-url=\"https:\/\/cca-studio.com\/wp-content\/uploads\/2021\/03\/IMG-20200325-WA0018.jpg\" data-link=\"https:\/\/cca-studio.com\/motor-tuning\/img-20200325-wa0018\" class=\"wp-image-572\" srcset=\"https:\/\/cca-studio.com\/wp-content\/uploads\/2021\/03\/IMG-20200325-WA0018-1024x768.jpg 1024w, https:\/\/cca-studio.com\/wp-content\/uploads\/2021\/03\/IMG-20200325-WA0018-300x225.jpg 300w, https:\/\/cca-studio.com\/wp-content\/uploads\/2021\/03\/IMG-20200325-WA0018-768x576.jpg 768w, https:\/\/cca-studio.com\/wp-content\/uploads\/2021\/03\/IMG-20200325-WA0018-1536x1152.jpg 1536w, https:\/\/cca-studio.com\/wp-content\/uploads\/2021\/03\/IMG-20200325-WA0018.jpg 1600w\" sizes=\"auto, (max-width: 1024px) 100vw, 1024px\" \/><figcaption class=\"blocks-gallery-item__caption\">Wahnsinniges Ergebnis mit einem mehr an Power und Sound<\/figcaption><\/figure><\/li><\/ul><\/figure>\n\n\n\n<ul class=\"wp-block-list\"><li><strong>Fahrwerke<\/strong><br>Mit dem Ziel Fahreigenschaften deutlich zu verbessern und gleichzeitig die Optik zu verbessern.<\/li><\/ul>\n\n\n\n<figure class=\"wp-block-gallery columns-2 is-cropped wp-block-gallery-3 is-layout-flex wp-block-gallery-is-layout-flex\"><ul class=\"blocks-gallery-grid\"><li class=\"blocks-gallery-item\"><figure><img loading=\"lazy\" decoding=\"async\" width=\"768\" height=\"1024\" src=\"https:\/\/cca-studio.com\/wp-content\/uploads\/2021\/03\/IMG-20201211-WA0008-768x1024.jpg\" alt=\"\" data-id=\"568\" data-full-url=\"https:\/\/cca-studio.com\/wp-content\/uploads\/2021\/03\/IMG-20201211-WA0008.jpg\" data-link=\"https:\/\/cca-studio.com\/motor-tuning\/img-20201211-wa0008\" class=\"wp-image-568\" srcset=\"https:\/\/cca-studio.com\/wp-content\/uploads\/2021\/03\/IMG-20201211-WA0008-768x1024.jpg 768w, https:\/\/cca-studio.com\/wp-content\/uploads\/2021\/03\/IMG-20201211-WA0008-225x300.jpg 225w, https:\/\/cca-studio.com\/wp-content\/uploads\/2021\/03\/IMG-20201211-WA0008-1152x1536.jpg 1152w, https:\/\/cca-studio.com\/wp-content\/uploads\/2021\/03\/IMG-20201211-WA0008.jpg 1200w\" sizes=\"auto, (max-width: 768px) 100vw, 768px\" \/><\/figure><\/li><li class=\"blocks-gallery-item\"><figure><img loading=\"lazy\" decoding=\"async\" width=\"768\" height=\"1024\" src=\"https:\/\/cca-studio.com\/wp-content\/uploads\/2021\/03\/20201210_121037-768x1024.jpg\" alt=\"\" data-id=\"566\" data-full-url=\"https:\/\/cca-studio.com\/wp-content\/uploads\/2021\/03\/20201210_121037-scaled.jpg\" data-link=\"https:\/\/cca-studio.com\/motor-tuning\/20201210_121037\" class=\"wp-image-566\" srcset=\"https:\/\/cca-studio.com\/wp-content\/uploads\/2021\/03\/20201210_121037-768x1024.jpg 768w, https:\/\/cca-studio.com\/wp-content\/uploads\/2021\/03\/20201210_121037-225x300.jpg 225w, https:\/\/cca-studio.com\/wp-content\/uploads\/2021\/03\/20201210_121037-1152x1536.jpg 1152w, https:\/\/cca-studio.com\/wp-content\/uploads\/2021\/03\/20201210_121037-1536x2048.jpg 1536w, https:\/\/cca-studio.com\/wp-content\/uploads\/2021\/03\/20201210_121037-scaled.jpg 1920w\" sizes=\"auto, (max-width: 768px) 100vw, 768px\" \/><figcaption class=\"blocks-gallery-item__caption\">Professionelles Werkzeug &#8211; Sicherheit geht vor<\/figcaption><\/figure><\/li><li class=\"blocks-gallery-item\"><figure><img loading=\"lazy\" decoding=\"async\" width=\"1024\" height=\"768\" src=\"https:\/\/cca-studio.com\/wp-content\/uploads\/2021\/03\/20201212_114117-1024x768.jpg\" alt=\"\" data-id=\"567\" data-full-url=\"https:\/\/cca-studio.com\/wp-content\/uploads\/2021\/03\/20201212_114117-scaled.jpg\" data-link=\"https:\/\/cca-studio.com\/motor-tuning\/20201212_114117\" class=\"wp-image-567\" srcset=\"https:\/\/cca-studio.com\/wp-content\/uploads\/2021\/03\/20201212_114117-1024x768.jpg 1024w, https:\/\/cca-studio.com\/wp-content\/uploads\/2021\/03\/20201212_114117-300x225.jpg 300w, https:\/\/cca-studio.com\/wp-content\/uploads\/2021\/03\/20201212_114117-768x576.jpg 768w, https:\/\/cca-studio.com\/wp-content\/uploads\/2021\/03\/20201212_114117-1536x1152.jpg 1536w, https:\/\/cca-studio.com\/wp-content\/uploads\/2021\/03\/20201212_114117-2048x1536.jpg 2048w\" sizes=\"auto, (max-width: 1024px) 100vw, 1024px\" \/><figcaption class=\"blocks-gallery-item__caption\">G63 AMG &#8211; dezentes Tieferlegen &#8211; in einer leichten Keilform<\/figcaption><\/figure><\/li><\/ul><\/figure>\n\n\n\n<ul class=\"wp-block-list\"><li><strong>Motortuning &#8211; Leistungssteigerungen<\/strong><br>Ob Mechanik oder Elektrisch. Hier sind den M\u00f6glichkeiten nahezu keine Grenzen gesetzt.<br>Wir holen das Optimum aus dem Antrieb Ihres Fahrzeuges heraus.<\/li><\/ul>\n\n\n\n<figure class=\"wp-block-gallery aligncenter columns-3 is-cropped wp-block-gallery-4 is-layout-flex wp-block-gallery-is-layout-flex\"><ul class=\"blocks-gallery-grid\"><li class=\"blocks-gallery-item\"><figure><img loading=\"lazy\" decoding=\"async\" width=\"225\" height=\"300\" src=\"https:\/\/cca-studio.com\/wp-content\/uploads\/2021\/03\/20201125_111408-225x300.jpg\" alt=\"\" data-id=\"562\" data-full-url=\"https:\/\/cca-studio.com\/wp-content\/uploads\/2021\/03\/20201125_111408-scaled-e1616334988648.jpg\" data-link=\"https:\/\/cca-studio.com\/motor-tuning\/20201125_111408\" class=\"wp-image-562\"\/><figcaption class=\"blocks-gallery-item__caption\">st\u00e4rkere Kraftstoffhochdruckpumpe<\/figcaption><\/figure><\/li><li class=\"blocks-gallery-item\"><figure><img loading=\"lazy\" decoding=\"async\" width=\"225\" height=\"300\" src=\"https:\/\/cca-studio.com\/wp-content\/uploads\/2021\/03\/20201125_111015-225x300.jpg\" alt=\"\" data-id=\"560\" data-full-url=\"https:\/\/cca-studio.com\/wp-content\/uploads\/2021\/03\/20201125_111015-scaled.jpg\" data-link=\"https:\/\/cca-studio.com\/motor-tuning\/20201125_111015\" class=\"wp-image-560\" srcset=\"https:\/\/cca-studio.com\/wp-content\/uploads\/2021\/03\/20201125_111015-225x300.jpg 225w, https:\/\/cca-studio.com\/wp-content\/uploads\/2021\/03\/20201125_111015-768x1024.jpg 768w, https:\/\/cca-studio.com\/wp-content\/uploads\/2021\/03\/20201125_111015-1152x1536.jpg 1152w, https:\/\/cca-studio.com\/wp-content\/uploads\/2021\/03\/20201125_111015-1536x2048.jpg 1536w, https:\/\/cca-studio.com\/wp-content\/uploads\/2021\/03\/20201125_111015-scaled.jpg 1920w\" sizes=\"auto, (max-width: 225px) 100vw, 225px\" \/><figcaption class=\"blocks-gallery-item__caption\">perfekte Integration<\/figcaption><\/figure><\/li><li class=\"blocks-gallery-item\"><figure><img loading=\"lazy\" decoding=\"async\" width=\"225\" height=\"300\" src=\"https:\/\/cca-studio.com\/wp-content\/uploads\/2021\/03\/20201125_111242-225x300.jpg\" alt=\"\" data-id=\"561\" data-full-url=\"https:\/\/cca-studio.com\/wp-content\/uploads\/2021\/03\/20201125_111242-scaled.jpg\" data-link=\"https:\/\/cca-studio.com\/motor-tuning\/20201125_111242\" class=\"wp-image-561\" srcset=\"https:\/\/cca-studio.com\/wp-content\/uploads\/2021\/03\/20201125_111242-225x300.jpg 225w, https:\/\/cca-studio.com\/wp-content\/uploads\/2021\/03\/20201125_111242-768x1024.jpg 768w, https:\/\/cca-studio.com\/wp-content\/uploads\/2021\/03\/20201125_111242-1152x1536.jpg 1152w, https:\/\/cca-studio.com\/wp-content\/uploads\/2021\/03\/20201125_111242-1536x2048.jpg 1536w, https:\/\/cca-studio.com\/wp-content\/uploads\/2021\/03\/20201125_111242-scaled.jpg 1920w\" sizes=\"auto, (max-width: 225px) 100vw, 225px\" \/><figcaption class=\"blocks-gallery-item__caption\">mehr Power<\/figcaption><\/figure><\/li><\/ul><\/figure>\n\n\n\n<p><\/p>\n","protected":false},"excerpt":{"rendered":"<p>Sie wollen weg vom Standard &amp; hin zu Ihrem individuellen Schmuckst\u00fcck auf vier R\u00e4dern? Wir helfen Ihnen dabei Ihre Tr\u00e4ume in Realit\u00e4t umzusetzen &amp; das auch mit der notwendigen Sicherheit. [&hellip;]<\/p>\n","protected":false},"author":1,"featured_media":0,"parent":0,"menu_order":0,"comment_status":"closed","ping_status":"closed","template":"","meta":{"footnotes":""},"class_list":["post-104","page","type-page","status-publish","hentry"],"jetpack_sharing_enabled":true,"_links":{"self":[{"href":"https:\/\/cca-studio.com\/index.php?rest_route=\/wp\/v2\/pages\/104","targetHints":{"allow":["GET"]}}],"collection":[{"href":"https:\/\/cca-studio.com\/index.php?rest_route=\/wp\/v2\/pages"}],"about":[{"href":"https:\/\/cca-studio.com\/index.php?rest_route=\/wp\/v2\/types\/page"}],"author":[{"embeddable":true,"href":"https:\/\/cca-studio.com\/index.php?rest_route=\/wp\/v2\/users\/1"}],"replies":[{"embeddable":true,"href":"https:\/\/cca-studio.com\/index.php?rest_route=%2Fwp%2Fv2%2Fcomments&post=104"}],"version-history":[{"count":11,"href":"https:\/\/cca-studio.com\/index.php?rest_route=\/wp\/v2\/pages\/104\/revisions"}],"predecessor-version":[{"id":574,"href":"https:\/\/cca-studio.com\/index.php?rest_route=\/wp\/v2\/pages\/104\/revisions\/574"}],"wp:attachment":[{"href":"https:\/\/cca-studio.com\/index.php?rest_route=%2Fwp%2Fv2%2Fmedia&parent=104"}],"curies":[{"name":"wp","href":"https:\/\/api.w.org\/{rel}","templated":true}]}}